{"id":8758,"date":"2025-01-13T12:09:07","date_gmt":"2025-01-13T11:09:07","guid":{"rendered":"https:\/\/iplast.al\/?post_type=product&#038;p=8758"},"modified":"2025-01-29T22:53:26","modified_gmt":"2025-01-29T21:53:26","slug":"kapak-pusete-hdpe","status":"publish","type":"product","link":"https:\/\/iplast.al\/el\/product\/kapak-pusete-hdpe\/","title":{"rendered":"Kapak Pusete HDPE"},"content":{"rendered":"<p>iPlast prezanton <strong>Kapak\u00ebt e Pusetave HDPE,<\/strong> t\u00eb krijuara p\u00ebr t\u00eb p\u00ebrmbushur standardet m\u00eb t\u00eb larta t\u00eb q\u00ebndrueshm\u00ebris\u00eb, siguris\u00eb dhe performanc\u00ebs. K\u00ebta komponent\u00eb thelb\u00ebsor\u00eb sigurojn\u00eb akses t\u00eb sigurt dhe efikas n\u00eb sistemet n\u00ebntok\u00ebsore. T\u00eb krijuara me sakt\u00ebsi, Kapak\u00ebt e Pusetave HDPE t\u00eb iPlast kombinojn\u00eb inxhinierin\u00eb e avancuar me materialet premium, duke siguruar funksionalitet superior dhe besueshm\u00ebri afatgjat\u00eb.<\/p>\n<p>Kapak\u00ebt tona t\u00eb Pusetave jan\u00eb t\u00eb disponueshme n\u00eb madh\u00ebsi dhe kapacitete t\u00eb ndryshme ngarkese, t\u00eb optimizuara p\u00ebr t\u00eb p\u00ebrmbushur nevojat e ndryshme t\u00eb aplikimeve. Konstruksioni i tyre i leht\u00eb por i fort\u00eb ofron leht\u00ebsi p\u00ebr t&#8217;u p\u00ebrdorur dhe instaluar, nd\u00ebrsa forca e tyre siguron q\u00eb ato t\u00eb p\u00ebrballojn\u00eb kushte t\u00eb v\u00ebshtira ngarkese.<\/p>\n<p><strong>Karakteristikat kryesore<\/strong><\/p>\n<ul>\n<li>Gama e gjer\u00eb e madh\u00ebsive: Mbulesa t\u00eb rrumbullak\u00ebta me diamet\u00ebr q\u00eb variojn\u00eb nga 30 deri n\u00eb 60 cm<\/li>\n<li>T\u00eb lehta dhe t\u00eb q\u00ebndrueshme: T\u00eb b\u00ebra nga HDPE me cil\u00ebsi t\u00eb lart\u00eb, k\u00ebto mbulesa jan\u00eb m\u00eb t\u00eb lehta se materialet tradicionale, duke i b\u00ebr\u00eb ato m\u00eb t\u00eb lehta p\u00ebr t&#8217;u trajtuar pa kompromentuar forc\u00ebn. Pesha e mbules\u00ebs varion nga 10 kg n\u00eb 190 kg, n\u00eb var\u00ebsi t\u00eb madh\u00ebsis\u00eb dhe dizajnit.<\/li>\n<li>Rezistent ndaj korrozionit: HDPE siguron rezistenc\u00eb ndaj kushteve t\u00eb v\u00ebshtira mjedisore, duke zgjatur jet\u00ebgjat\u00ebsin\u00eb e produktit.<\/li>\n<\/ul>\n<p><strong>Gama e kapak\u00ebve t\u00eb pusetave iPlast HDPE<\/strong><\/p>\n<ul>\n<li>Mbulesa rrethore t\u00eb pusetave<\/li>\n<li>Mbulesa karrexhate\/Telekom<\/li>\n<li>Mbulesa t\u00eb pusetave t\u00eb futura (ideale p\u00ebr integrim estetik me shtrimin ose dyshemen\u00eb)<\/li>\n<li>Mbulesa t\u00eb pusetave t\u00eb inspektimit me gaz dhe hermetik<\/li>\n<li>Mbulesa t\u00eb pusetave t\u00eb kullimit<\/li>\n<li>Kutit\u00eb sip\u00ebrfaq\u00ebsore<\/li>\n<\/ul>\n<p>N\u00eb iPlast, ne jemi t\u00eb p\u00ebrkushtuar t\u00eb ofrojm\u00eb zgjidhje inovative dhe me cil\u00ebsi t\u00eb lart\u00eb, t\u00eb cilat i sh\u00ebrbejn\u00eb nj\u00eb gam\u00eb t\u00eb gjer\u00eb industrish, duke p\u00ebrfshir\u00eb projekte rezidenciale, tregtare dhe komunale. Me mbulesat tona t\u00eb pusetave HDPE, ju merrni nj\u00eb produkt q\u00eb \u00ebsht\u00eb i leht\u00eb, i q\u00ebndruesh\u00ebm dhe i nd\u00ebrtuar p\u00ebr t\u00eb performuar n\u00eb kushtet m\u00eb sfiduese.<\/p>","protected":false},"excerpt":{"rendered":"<p>iPlast prezanton Kapak\u00ebt e Pusetave HDPE, t\u00eb krijuara p\u00ebr t\u00eb p\u00ebrmbushur standardet m\u00eb t\u00eb larta t\u00eb q\u00ebndrueshm\u00ebris\u00eb, siguris\u00eb dhe performanc\u00ebs. K\u00ebta komponent\u00eb thelb\u00ebsor\u00eb sigurojn\u00eb akses t\u00eb<span class=\"excerpt-hellip\"> [\u2026]<\/span><\/p>","protected":false},"featured_media":8760,"comment_status":"closed","ping_status":"closed","template":"","meta":{"_eb_attr":"","inline_featured_image":false},"product_brand":[],"product_cat":[89],"product_tag":[96,98,99,97],"class_list":{"0":"post-8758","1":"product","2":"type-product","3":"status-publish","4":"has-post-thumbnail","6":"product_cat-aksesore","7":"product_tag-kapak-hdpe","8":"product_tag-kapak-hdpe-pusete","9":"product_tag-kapak-inspektimi-hdpe","10":"product_tag-kapak-pusetash","12":"first","13":"instock","14":"taxable","15":"shipping-taxable","16":"purchasable","17":"product-type-simple"},"yoast_head":"<!-- This site is optimized with the Yoast SEO Premium plugin v24.9 (Yoast SEO v24.9) - https:\/\/yoast.com\/wordpress\/plugins\/seo\/ -->\n<title>Kapak Pusete HDPE - IGS Resources<\/title>\n<meta name=\"description\" content=\"Kapak\u00ebt e Pusetave HDPE iPlast, t\u00eb krijuara p\u00ebr t\u00eb p\u00ebrmbushur standardet m\u00eb t\u00eb larta t\u00eb q\u00ebndrueshm\u00ebris\u00eb, siguris\u00eb dhe performanc\u00ebs. K\u00ebta komponent\u00eb thelb\u00ebsor\u00eb sigurojn\u00eb akses t\u00eb sigurt dhe efikas n\u00eb sistemet n\u00ebntok\u00ebsore.\" \/>\n<meta name=\"robots\" content=\"index, follow, max-snippet:-1, max-image-preview:large, max-video-preview:-1\" \/>\n<link rel=\"canonical\" href=\"https:\/\/iplast.al\/el\/product\/kapak-pusete-hdpe\/\" \/>\n<meta property=\"og:locale\" content=\"el_GR\" \/>\n<meta property=\"og:type\" content=\"article\" \/>\n<meta property=\"og:title\" content=\"Kapak Pusete HDPE\" \/>\n<meta property=\"og:description\" content=\"Kapak\u00ebt e Pusetave HDPE iPlast, t\u00eb krijuara p\u00ebr t\u00eb p\u00ebrmbushur standardet m\u00eb t\u00eb larta t\u00eb q\u00ebndrueshm\u00ebris\u00eb, siguris\u00eb dhe performanc\u00ebs. K\u00ebta komponent\u00eb thelb\u00ebsor\u00eb sigurojn\u00eb akses t\u00eb sigurt dhe efikas n\u00eb sistemet n\u00ebntok\u00ebsore.\" \/>\n<meta property=\"og:url\" content=\"https:\/\/iplast.al\/el\/product\/kapak-pusete-hdpe\/\" \/>\n<meta property=\"og:site_name\" content=\"IGS Resources\" \/>\n<meta property=\"article:publisher\" content=\"https:\/\/www.facebook.com\/iplastal\" \/>\n<meta property=\"article:modified_time\" content=\"2025-01-29T21:53:26+00:00\" \/>\n<meta property=\"og:image\" content=\"https:\/\/iplast.al\/wp-content\/uploads\/2025\/01\/CHIUSINO-IN-PE-e1442907198822.jpg\" \/>\n\t<meta property=\"og:image:width\" content=\"600\" \/>\n\t<meta property=\"og:image:height\" content=\"336\" \/>\n\t<meta property=\"og:image:type\" content=\"image\/jpeg\" \/>\n<meta name=\"twitter:card\" content=\"summary_large_image\" \/>\n<meta name=\"twitter:label1\" content=\"\u03a4\u03b9\u03bc\u03ae\" \/>\n\t<meta name=\"twitter:data1\" content=\"L&nbsp;10\" \/>\n\t<meta name=\"twitter:label2\" content=\"Availability\" \/>\n\t<meta name=\"twitter:data2\" content=\"In stock\" \/>\n<script type=\"application\/ld+json\" class=\"yoast-schema-graph\">{\"@context\":\"https:\/\/schema.org\",\"@graph\":[{\"@type\":\"WebPage\",\"@id\":\"https:\/\/iplast.al\/product\/kapak-pusete-hdpe\/\",\"url\":\"https:\/\/iplast.al\/product\/kapak-pusete-hdpe\/\",\"name\":\"Kapak Pusete HDPE - IGS Resources\",\"isPartOf\":{\"@id\":\"https:\/\/iplast.al\/#website\"},\"primaryImageOfPage\":{\"@id\":\"https:\/\/iplast.al\/product\/kapak-pusete-hdpe\/#primaryimage\"},\"image\":{\"@id\":\"https:\/\/iplast.al\/product\/kapak-pusete-hdpe\/#primaryimage\"},\"thumbnailUrl\":\"https:\/\/iplast.al\/wp-content\/uploads\/2025\/01\/CHIUSINO-IN-PE-e1442907198822.jpg\",\"datePublished\":\"2025-01-13T11:09:07+00:00\",\"dateModified\":\"2025-01-29T21:53:26+00:00\",\"description\":\"Kapak\u00ebt e Pusetave HDPE iPlast, t\u00eb krijuara p\u00ebr t\u00eb p\u00ebrmbushur standardet m\u00eb t\u00eb larta t\u00eb q\u00ebndrueshm\u00ebris\u00eb, siguris\u00eb dhe performanc\u00ebs. K\u00ebta komponent\u00eb thelb\u00ebsor\u00eb sigurojn\u00eb akses t\u00eb sigurt dhe efikas n\u00eb sistemet n\u00ebntok\u00ebsore.\",\"breadcrumb\":{\"@id\":\"https:\/\/iplast.al\/product\/kapak-pusete-hdpe\/#breadcrumb\"},\"inLanguage\":\"el\",\"potentialAction\":[{\"@type\":\"ReadAction\",\"target\":[\"https:\/\/iplast.al\/product\/kapak-pusete-hdpe\/\"]}]},{\"@type\":\"ImageObject\",\"inLanguage\":\"el\",\"@id\":\"https:\/\/iplast.al\/product\/kapak-pusete-hdpe\/#primaryimage\",\"url\":\"https:\/\/iplast.al\/wp-content\/uploads\/2025\/01\/CHIUSINO-IN-PE-e1442907198822.jpg\",\"contentUrl\":\"https:\/\/iplast.al\/wp-content\/uploads\/2025\/01\/CHIUSINO-IN-PE-e1442907198822.jpg\",\"width\":600,\"height\":336,\"caption\":\"Kapak Pusete HDPE iPlast\"},{\"@type\":\"BreadcrumbList\",\"@id\":\"https:\/\/iplast.al\/product\/kapak-pusete-hdpe\/#breadcrumb\",\"itemListElement\":[{\"@type\":\"ListItem\",\"position\":1,\"name\":\"Home\",\"item\":\"https:\/\/iplast.al\/\"},{\"@type\":\"ListItem\",\"position\":2,\"name\":\"Shop\",\"item\":\"https:\/\/iplast.al\/shop\/\"},{\"@type\":\"ListItem\",\"position\":3,\"name\":\"Kapak Pusete HDPE\"}]},{\"@type\":\"WebSite\",\"@id\":\"https:\/\/iplast.al\/#website\",\"url\":\"https:\/\/iplast.al\/\",\"name\":\"IGS Resources Shpk\",\"description\":\"Cil\u00ebsia q\u00eb duhet\",\"publisher\":{\"@id\":\"https:\/\/iplast.al\/#organization\"},\"alternateName\":\"iPlast Albania\",\"potentialAction\":[{\"@type\":\"SearchAction\",\"target\":{\"@type\":\"EntryPoint\",\"urlTemplate\":\"https:\/\/iplast.al\/?s={search_term_string}\"},\"query-input\":{\"@type\":\"PropertyValueSpecification\",\"valueRequired\":true,\"valueName\":\"search_term_string\"}}],\"inLanguage\":\"el\"},{\"@type\":[\"Organization\",\"Place\",\"Corporation\"],\"@id\":\"https:\/\/iplast.al\/#organization\",\"name\":\"IGS Resources Shpk\",\"alternateName\":\"iPlast Albania\",\"url\":\"https:\/\/iplast.al\/\",\"logo\":{\"@id\":\"https:\/\/iplast.al\/product\/kapak-pusete-hdpe\/#local-main-organization-logo\"},\"image\":{\"@id\":\"https:\/\/iplast.al\/product\/kapak-pusete-hdpe\/#local-main-organization-logo\"},\"sameAs\":[\"https:\/\/www.facebook.com\/iplastal\",\"https:\/\/www.instagram.com\/iplast.al\/\",\"https:\/\/www.youtube.com\/@iplastalbania4982\"],\"description\":\"IGS Resources Shpk introduces its brand \\\"iPlast,\\\" a certified company in the production of HDPE Plastic Pipes and Corrugated Pipes in the city of Elbasan. The company manufactures Water Pipes ranging from \u00d820 to \u00d8315 with pressures up to 32 bars and Corrugated Pipes for Sewage ranging from \u00d890 to \u00d81000, SN4 and SN8. IGS (iPlast) aims to become a leader in the plastic production sector, participating in significant projects and prioritizing the growth of trust in Albanian products and its contribution to the country's economy. Continuing its investments, IGS (iPlast) aims to promote its products and service quality, ensuring faster and dynamic services while creating employment opportunities across various regions of the country.\",\"legalName\":\"IGS Resources\",\"foundingDate\":\"2020-01-01\",\"numberOfEmployees\":{\"@type\":\"QuantitativeValue\",\"minValue\":\"51\",\"maxValue\":\"200\"},\"address\":{\"@id\":\"https:\/\/iplast.al\/product\/kapak-pusete-hdpe\/#local-main-place-address\"},\"telephone\":[\"+355 68 602 0276\"],\"openingHoursSpecification\":[{\"@type\":\"OpeningHoursSpecification\",\"dayOfWeek\":[\"Monday\",\"Tuesday\",\"Wednesday\",\"Thursday\",\"Friday\",\"Saturday\"],\"opens\":\"07:00\",\"closes\":\"17:00\"},{\"@type\":\"OpeningHoursSpecification\",\"dayOfWeek\":[\"Sunday\"],\"opens\":\"00:00\",\"closes\":\"00:00\"}],\"email\":\"info@iplast.al\",\"areaServed\":\"Albania, Kosovo, Macedonia, Greece, Montenegro, Italy, Bulgaria, Bosnia\",\"vatID\":\"M22610202A\",\"taxID\":\"M22610202A\"},{\"@type\":\"PostalAddress\",\"@id\":\"https:\/\/iplast.al\/product\/kapak-pusete-hdpe\/#local-main-place-address\",\"streetAddress\":\"Ish-Kombinati Metalurgjik, Bradashesh\",\"addressLocality\":\"Elbasan\",\"postalCode\":\"3001\",\"addressRegion\":\"Elbasan\",\"addressCountry\":\"AL\"},{\"@type\":\"ImageObject\",\"inLanguage\":\"el\",\"@id\":\"https:\/\/iplast.al\/product\/kapak-pusete-hdpe\/#local-main-organization-logo\",\"url\":\"https:\/\/iplast.al\/wp-content\/uploads\/2022\/11\/Dark-Logo-SVG-01-01.svg\",\"contentUrl\":\"https:\/\/iplast.al\/wp-content\/uploads\/2022\/11\/Dark-Logo-SVG-01-01.svg\",\"width\":1080,\"height\":1080,\"caption\":\"IGS Resources Shpk\"}]}<\/script>\n<meta property=\"product:price:amount\" content=\"10\" \/>\n<meta property=\"product:price:currency\" content=\"ALL\" \/>\n<meta property=\"og:availability\" content=\"instock\" \/>\n<meta property=\"product:availability\" content=\"instock\" \/>\n<meta property=\"product:retailer_item_id\" content=\"100\" \/>\n<meta property=\"product:condition\" content=\"new\" \/>\n<meta name=\"geo.placename\" content=\"Elbasan\" \/>\n<meta name=\"geo.region\" content=\"\u0391\u03bb\u03b2\u03b1\u03bd\u03af\u03b1\" \/>\n<!-- \/ Yoast SEO Premium plugin. -->","yoast_head_json":{"title":"Kapak Pusete HDPE - IGS Resources","description":"Kapak\u00ebt e Pusetave HDPE iPlast, t\u00eb krijuara p\u00ebr t\u00eb p\u00ebrmbushur standardet m\u00eb t\u00eb larta t\u00eb q\u00ebndrueshm\u00ebris\u00eb, siguris\u00eb dhe performanc\u00ebs. K\u00ebta komponent\u00eb thelb\u00ebsor\u00eb sigurojn\u00eb akses t\u00eb sigurt dhe efikas n\u00eb sistemet n\u00ebntok\u00ebsore.","robots":{"index":"index","follow":"follow","max-snippet":"max-snippet:-1","max-image-preview":"max-image-preview:large","max-video-preview":"max-video-preview:-1"},"canonical":"https:\/\/iplast.al\/el\/product\/kapak-pusete-hdpe\/","og_locale":"el_GR","og_type":"article","og_title":"Kapak Pusete HDPE","og_description":"Kapak\u00ebt e Pusetave HDPE iPlast, t\u00eb krijuara p\u00ebr t\u00eb p\u00ebrmbushur standardet m\u00eb t\u00eb larta t\u00eb q\u00ebndrueshm\u00ebris\u00eb, siguris\u00eb dhe performanc\u00ebs. K\u00ebta komponent\u00eb thelb\u00ebsor\u00eb sigurojn\u00eb akses t\u00eb sigurt dhe efikas n\u00eb sistemet n\u00ebntok\u00ebsore.","og_url":"https:\/\/iplast.al\/el\/product\/kapak-pusete-hdpe\/","og_site_name":"IGS Resources","article_publisher":"https:\/\/www.facebook.com\/iplastal","article_modified_time":"2025-01-29T21:53:26+00:00","og_image":[{"width":600,"height":336,"url":"https:\/\/iplast.al\/wp-content\/uploads\/2025\/01\/CHIUSINO-IN-PE-e1442907198822.jpg","type":"image\/jpeg"}],"twitter_card":"summary_large_image","twitter_misc":{"\u03a4\u03b9\u03bc\u03ae":"L&nbsp;10","Availability":"In stock"},"schema":{"@context":"https:\/\/schema.org","@graph":[{"@type":"WebPage","@id":"https:\/\/iplast.al\/product\/kapak-pusete-hdpe\/","url":"https:\/\/iplast.al\/product\/kapak-pusete-hdpe\/","name":"Kapak Pusete HDPE - IGS Resources","isPartOf":{"@id":"https:\/\/iplast.al\/#website"},"primaryImageOfPage":{"@id":"https:\/\/iplast.al\/product\/kapak-pusete-hdpe\/#primaryimage"},"image":{"@id":"https:\/\/iplast.al\/product\/kapak-pusete-hdpe\/#primaryimage"},"thumbnailUrl":"https:\/\/iplast.al\/wp-content\/uploads\/2025\/01\/CHIUSINO-IN-PE-e1442907198822.jpg","datePublished":"2025-01-13T11:09:07+00:00","dateModified":"2025-01-29T21:53:26+00:00","description":"Kapak\u00ebt e Pusetave HDPE iPlast, t\u00eb krijuara p\u00ebr t\u00eb p\u00ebrmbushur standardet m\u00eb t\u00eb larta t\u00eb q\u00ebndrueshm\u00ebris\u00eb, siguris\u00eb dhe performanc\u00ebs. K\u00ebta komponent\u00eb thelb\u00ebsor\u00eb sigurojn\u00eb akses t\u00eb sigurt dhe efikas n\u00eb sistemet n\u00ebntok\u00ebsore.","breadcrumb":{"@id":"https:\/\/iplast.al\/product\/kapak-pusete-hdpe\/#breadcrumb"},"inLanguage":"el","potentialAction":[{"@type":"ReadAction","target":["https:\/\/iplast.al\/product\/kapak-pusete-hdpe\/"]}]},{"@type":"ImageObject","inLanguage":"el","@id":"https:\/\/iplast.al\/product\/kapak-pusete-hdpe\/#primaryimage","url":"https:\/\/iplast.al\/wp-content\/uploads\/2025\/01\/CHIUSINO-IN-PE-e1442907198822.jpg","contentUrl":"https:\/\/iplast.al\/wp-content\/uploads\/2025\/01\/CHIUSINO-IN-PE-e1442907198822.jpg","width":600,"height":336,"caption":"Kapak Pusete HDPE iPlast"},{"@type":"BreadcrumbList","@id":"https:\/\/iplast.al\/product\/kapak-pusete-hdpe\/#breadcrumb","itemListElement":[{"@type":"ListItem","position":1,"name":"Home","item":"https:\/\/iplast.al\/"},{"@type":"ListItem","position":2,"name":"Shop","item":"https:\/\/iplast.al\/shop\/"},{"@type":"ListItem","position":3,"name":"Kapak Pusete HDPE"}]},{"@type":"WebSite","@id":"https:\/\/iplast.al\/#website","url":"https:\/\/iplast.al\/","name":"IGS Resources Shpk","description":"Cil\u00ebsia q\u00eb duhet","publisher":{"@id":"https:\/\/iplast.al\/#organization"},"alternateName":"iPlast Albania","potentialAction":[{"@type":"SearchAction","target":{"@type":"EntryPoint","urlTemplate":"https:\/\/iplast.al\/?s={search_term_string}"},"query-input":{"@type":"PropertyValueSpecification","valueRequired":true,"valueName":"search_term_string"}}],"inLanguage":"el"},{"@type":["Organization","Place","Corporation"],"@id":"https:\/\/iplast.al\/#organization","name":"IGS Resources Shpk","alternateName":"iPlast Albania","url":"https:\/\/iplast.al\/","logo":{"@id":"https:\/\/iplast.al\/product\/kapak-pusete-hdpe\/#local-main-organization-logo"},"image":{"@id":"https:\/\/iplast.al\/product\/kapak-pusete-hdpe\/#local-main-organization-logo"},"sameAs":["https:\/\/www.facebook.com\/iplastal","https:\/\/www.instagram.com\/iplast.al\/","https:\/\/www.youtube.com\/@iplastalbania4982"],"description":"IGS Resources Shpk introduces its brand \"iPlast,\" a certified company in the production of HDPE Plastic Pipes and Corrugated Pipes in the city of Elbasan. The company manufactures Water Pipes ranging from \u00d820 to \u00d8315 with pressures up to 32 bars and Corrugated Pipes for Sewage ranging from \u00d890 to \u00d81000, SN4 and SN8. IGS (iPlast) aims to become a leader in the plastic production sector, participating in significant projects and prioritizing the growth of trust in Albanian products and its contribution to the country's economy. Continuing its investments, IGS (iPlast) aims to promote its products and service quality, ensuring faster and dynamic services while creating employment opportunities across various regions of the country.","legalName":"IGS Resources","foundingDate":"2020-01-01","numberOfEmployees":{"@type":"QuantitativeValue","minValue":"51","maxValue":"200"},"address":{"@id":"https:\/\/iplast.al\/product\/kapak-pusete-hdpe\/#local-main-place-address"},"telephone":["+355 68 602 0276"],"openingHoursSpecification":[{"@type":"OpeningHoursSpecification","dayOfWeek":["Monday","Tuesday","Wednesday","Thursday","Friday","Saturday"],"opens":"07:00","closes":"17:00"},{"@type":"OpeningHoursSpecification","dayOfWeek":["Sunday"],"opens":"00:00","closes":"00:00"}],"email":"info@iplast.al","areaServed":"Albania, Kosovo, Macedonia, Greece, Montenegro, Italy, Bulgaria, Bosnia","vatID":"M22610202A","taxID":"M22610202A"},{"@type":"PostalAddress","@id":"https:\/\/iplast.al\/product\/kapak-pusete-hdpe\/#local-main-place-address","streetAddress":"Ish-Kombinati Metalurgjik, Bradashesh","addressLocality":"Elbasan","postalCode":"3001","addressRegion":"Elbasan","addressCountry":"AL"},{"@type":"ImageObject","inLanguage":"el","@id":"https:\/\/iplast.al\/product\/kapak-pusete-hdpe\/#local-main-organization-logo","url":"https:\/\/iplast.al\/wp-content\/uploads\/2022\/11\/Dark-Logo-SVG-01-01.svg","contentUrl":"https:\/\/iplast.al\/wp-content\/uploads\/2022\/11\/Dark-Logo-SVG-01-01.svg","width":1080,"height":1080,"caption":"IGS Resources Shpk"}]},"product_price_amount":"10","product_price_currency":"ALL","og_availability":"instock","product_availability":"instock","product_retailer_item_id":"100","product_condition":"new","geo.placename":"Elbasan","geo.region":"\u0391\u03bb\u03b2\u03b1\u03bd\u03af\u03b1"},"_links":{"self":[{"href":"https:\/\/iplast.al\/el\/wp-json\/wp\/v2\/product\/8758","targetHints":{"allow":["GET"]}}],"collection":[{"href":"https:\/\/iplast.al\/el\/wp-json\/wp\/v2\/product"}],"about":[{"href":"https:\/\/iplast.al\/el\/wp-json\/wp\/v2\/types\/product"}],"replies":[{"embeddable":true,"href":"https:\/\/iplast.al\/el\/wp-json\/wp\/v2\/comments?post=8758"}],"version-history":[{"count":1,"href":"https:\/\/iplast.al\/el\/wp-json\/wp\/v2\/product\/8758\/revisions"}],"predecessor-version":[{"id":8761,"href":"https:\/\/iplast.al\/el\/wp-json\/wp\/v2\/product\/8758\/revisions\/8761"}],"wp:featuredmedia":[{"embeddable":true,"href":"https:\/\/iplast.al\/el\/wp-json\/wp\/v2\/media\/8760"}],"wp:attachment":[{"href":"https:\/\/iplast.al\/el\/wp-json\/wp\/v2\/media?parent=8758"}],"wp:term":[{"taxonomy":"product_brand","embeddable":true,"href":"https:\/\/iplast.al\/el\/wp-json\/wp\/v2\/product_brand?post=8758"},{"taxonomy":"product_cat","embeddable":true,"href":"https:\/\/iplast.al\/el\/wp-json\/wp\/v2\/product_cat?post=8758"},{"taxonomy":"product_tag","embeddable":true,"href":"https:\/\/iplast.al\/el\/wp-json\/wp\/v2\/product_tag?post=8758"}],"curies":[{"name":"wp","href":"https:\/\/api.w.org\/{rel}","templated":true}]}}