{"id":9568,"date":"2025-12-28T23:53:27","date_gmt":"2025-12-28T22:53:27","guid":{"rendered":"https:\/\/iplast.al\/?post_type=product&#038;p=9568"},"modified":"2025-12-28T23:58:32","modified_gmt":"2025-12-28T22:58:32","slug":"tub-uji-hdpe-pe100-rc-%cf%8620-pn12-5-300m","status":"publish","type":"product","link":"https:\/\/iplast.al\/el\/product\/tub-uji-hdpe-pe100-rc-%cf%8620-pn12-5-300m\/","title":{"rendered":"Tub Uji HDPE PE100-RC \u03a620 PN12.5, 300m"},"content":{"rendered":"<p><strong>Karakteristikat Kryesore t\u00eb Tubave HDPE PE100-RC:<\/strong><\/p>\n<ul>\n<li><strong>Rezistenc\u00eb e Lart\u00eb ndaj G\u00ebrryerjes<\/strong>: Siguron q\u00ebndrueshm\u00ebri dhe besueshm\u00ebri n\u00eb mjedise t\u00eb k\u00ebrkuara.<\/li>\n<li><strong>Fleksibilitet i P\u00ebrsosur<\/strong>: Ofron adaptueshm\u00ebri p\u00ebr kushte t\u00eb ndryshme instalimi.<\/li>\n<li><strong>Rezistenc\u00eb ndaj Kimikateve dhe Faktor\u00ebve Mjedisor\u00eb<\/strong>: Performanc\u00eb superiore kund\u00ebr kimikateve t\u00eb ashpra dhe kushteve ekstreme mjedisore.<\/li>\n<li><strong>I Leht\u00eb dhe i Q\u00ebndruesh\u00ebm<\/strong>: Leht\u00eb p\u00ebr t&#8217;u trajtuar dhe instaluar, duke ruajtur q\u00ebndrueshm\u00ebrin\u00eb afatgjat\u00eb.<\/li>\n<li><strong>Thjesht\u00ebsi n\u00eb Instalimin<\/strong>: Thjeshton procesin e instalimit, duke siguruar efikasitet dhe reduktim t\u00eb koh\u00ebs s\u00eb operacionit.<\/li>\n<\/ul>","protected":false},"excerpt":{"rendered":"<p>Tubi i Ujit (fi) \u03a6 20 prodhohet nga materiali HDPE PE100-RC \u00ebsht\u00eb rezistent ndaj presionit t\u00eb lart\u00eb, rrezeve UV dhe i leht\u00eb p\u00ebr tu montuar.<\/p>\n<p>P\u00ebrdoret n\u00eb: <strong>Kopshtari dhe Linjat e Uj\u00ebsjellsave<\/strong><\/p>","protected":false},"featured_media":9558,"comment_status":"closed","ping_status":"closed","template":"","meta":{"_eb_attr":"","inline_featured_image":false},"product_brand":[123],"product_cat":[83],"product_tag":[134,29,138,28,27,25,30],"class_list":{"0":"post-9568","1":"product","2":"type-product","3":"status-publish","4":"has-post-thumbnail","6":"product_brand-iplast","7":"product_cat-pe100-rc","8":"product_tag-hdpe-pe100-rc","9":"product_tag-kopshtari","10":"product_tag-pn12-5","11":"product_tag-sera","12":"product_tag-tub-per-vaditje","13":"product_tag-tub-uji","14":"product_tag-ujesjelles","16":"first","17":"instock","18":"taxable","19":"shipping-taxable","20":"purchasable","21":"product-type-simple"},"yoast_head":"<!-- This site is optimized with the Yoast SEO Premium plugin v24.9 (Yoast SEO v24.9) - https:\/\/yoast.com\/wordpress\/plugins\/seo\/ -->\n<title>Tub Uji HDPE PE100-RC \u03a620 PN12.5, 300m - IGS Resources<\/title>\n<meta name=\"description\" content=\"Tubi i Ujit (fi) \u03a6 20 prodhohet nga materiali HDPE PE100-RC \u00ebsht\u00eb rezistent ndaj presionit t\u00eb lart\u00eb, rrezeve UV dhe i leht\u00eb p\u00ebr tu montuar.\" \/>\n<meta name=\"robots\" content=\"index, follow, max-snippet:-1, max-image-preview:large, max-video-preview:-1\" \/>\n<link rel=\"canonical\" href=\"https:\/\/iplast.al\/el\/product\/tub-uji-hdpe-pe100-rc-\u03c620-pn12-5-300m\/\" \/>\n<meta property=\"og:locale\" content=\"el_GR\" \/>\n<meta property=\"og:type\" content=\"article\" \/>\n<meta property=\"og:title\" content=\"Tub Uji HDPE PE100-RC \u03a620 PN12.5, 300m\" \/>\n<meta property=\"og:description\" content=\"Tubi i Ujit (fi) \u03a6 20 prodhohet nga materiali HDPE PE100-RC \u00ebsht\u00eb rezistent ndaj presionit t\u00eb lart\u00eb, rrezeve UV dhe i leht\u00eb p\u00ebr tu montuar.\" \/>\n<meta property=\"og:url\" content=\"https:\/\/iplast.al\/el\/product\/tub-uji-hdpe-pe100-rc-\u03c620-pn12-5-300m\/\" \/>\n<meta property=\"og:site_name\" content=\"IGS Resources\" \/>\n<meta property=\"article:publisher\" content=\"https:\/\/www.facebook.com\/iplastal\" \/>\n<meta property=\"article:modified_time\" content=\"2025-12-28T22:58:32+00:00\" \/>\n<meta property=\"og:image\" content=\"https:\/\/iplast.al\/wp-content\/uploads\/2022\/03\/FI20-PN10.png\" \/>\n\t<meta property=\"og:image:width\" content=\"2048\" \/>\n\t<meta property=\"og:image:height\" content=\"2048\" \/>\n\t<meta property=\"og:image:type\" content=\"image\/png\" \/>\n<meta name=\"twitter:card\" content=\"summary_large_image\" \/>\n<meta name=\"twitter:label1\" content=\"\u03a4\u03b9\u03bc\u03ae\" \/>\n\t<meta name=\"twitter:data1\" content=\"L&nbsp;1\" \/>\n\t<meta name=\"twitter:label2\" content=\"Availability\" \/>\n\t<meta name=\"twitter:data2\" content=\"In stock\" \/>\n<script type=\"application\/ld+json\" class=\"yoast-schema-graph\">{\"@context\":\"https:\/\/schema.org\",\"@graph\":[{\"@type\":\"WebPage\",\"@id\":\"https:\/\/iplast.al\/product\/tub-uji-hdpe-pe100-rc-%cf%8620-pn12-5-300m\/\",\"url\":\"https:\/\/iplast.al\/product\/tub-uji-hdpe-pe100-rc-%cf%8620-pn12-5-300m\/\",\"name\":\"Tub Uji HDPE PE100-RC \u03a620 PN12.5, 300m - IGS Resources\",\"isPartOf\":{\"@id\":\"https:\/\/iplast.al\/#website\"},\"primaryImageOfPage\":{\"@id\":\"https:\/\/iplast.al\/product\/tub-uji-hdpe-pe100-rc-%cf%8620-pn12-5-300m\/#primaryimage\"},\"image\":{\"@id\":\"https:\/\/iplast.al\/product\/tub-uji-hdpe-pe100-rc-%cf%8620-pn12-5-300m\/#primaryimage\"},\"thumbnailUrl\":\"https:\/\/iplast.al\/wp-content\/uploads\/2022\/03\/FI20-PN10.png\",\"datePublished\":\"2025-12-28T22:53:27+00:00\",\"dateModified\":\"2025-12-28T22:58:32+00:00\",\"description\":\"Tubi i Ujit (fi) \u03a6 20 prodhohet nga materiali HDPE PE100-RC \u00ebsht\u00eb rezistent ndaj presionit t\u00eb lart\u00eb, rrezeve UV dhe i leht\u00eb p\u00ebr tu montuar.\",\"breadcrumb\":{\"@id\":\"https:\/\/iplast.al\/product\/tub-uji-hdpe-pe100-rc-%cf%8620-pn12-5-300m\/#breadcrumb\"},\"inLanguage\":\"el\",\"potentialAction\":[{\"@type\":\"ReadAction\",\"target\":[\"https:\/\/iplast.al\/product\/tub-uji-hdpe-pe100-rc-%cf%8620-pn12-5-300m\/\"]}]},{\"@type\":\"ImageObject\",\"inLanguage\":\"el\",\"@id\":\"https:\/\/iplast.al\/product\/tub-uji-hdpe-pe100-rc-%cf%8620-pn12-5-300m\/#primaryimage\",\"url\":\"https:\/\/iplast.al\/wp-content\/uploads\/2022\/03\/FI20-PN10.png\",\"contentUrl\":\"https:\/\/iplast.al\/wp-content\/uploads\/2022\/03\/FI20-PN10.png\",\"width\":2048,\"height\":2048,\"caption\":\"Tub Uji HDPE PE100 FI20 PN10, Bobine 400m - iPlast\"},{\"@type\":\"BreadcrumbList\",\"@id\":\"https:\/\/iplast.al\/product\/tub-uji-hdpe-pe100-rc-%cf%8620-pn12-5-300m\/#breadcrumb\",\"itemListElement\":[{\"@type\":\"ListItem\",\"position\":1,\"name\":\"Home\",\"item\":\"https:\/\/iplast.al\/\"},{\"@type\":\"ListItem\",\"position\":2,\"name\":\"Shop\",\"item\":\"https:\/\/iplast.al\/shop\/\"},{\"@type\":\"ListItem\",\"position\":3,\"name\":\"Tub Uji HDPE PE100-RC \u03a620 PN12.5, 300m\"}]},{\"@type\":\"WebSite\",\"@id\":\"https:\/\/iplast.al\/#website\",\"url\":\"https:\/\/iplast.al\/\",\"name\":\"IGS Resources Shpk\",\"description\":\"Cil\u00ebsia q\u00eb duhet\",\"publisher\":{\"@id\":\"https:\/\/iplast.al\/#organization\"},\"alternateName\":\"iPlast Albania\",\"potentialAction\":[{\"@type\":\"SearchAction\",\"target\":{\"@type\":\"EntryPoint\",\"urlTemplate\":\"https:\/\/iplast.al\/?s={search_term_string}\"},\"query-input\":{\"@type\":\"PropertyValueSpecification\",\"valueRequired\":true,\"valueName\":\"search_term_string\"}}],\"inLanguage\":\"el\"},{\"@type\":[\"Organization\",\"Place\",\"Corporation\"],\"@id\":\"https:\/\/iplast.al\/#organization\",\"name\":\"IGS Resources Shpk\",\"alternateName\":\"iPlast Albania\",\"url\":\"https:\/\/iplast.al\/\",\"logo\":{\"@id\":\"https:\/\/iplast.al\/product\/tub-uji-hdpe-pe100-rc-%cf%8620-pn12-5-300m\/#local-main-organization-logo\"},\"image\":{\"@id\":\"https:\/\/iplast.al\/product\/tub-uji-hdpe-pe100-rc-%cf%8620-pn12-5-300m\/#local-main-organization-logo\"},\"sameAs\":[\"https:\/\/www.facebook.com\/iplastal\",\"https:\/\/www.instagram.com\/iplast.al\/\",\"https:\/\/www.youtube.com\/@iplastalbania4982\"],\"description\":\"IGS Resources Shpk introduces its brand \\\"iPlast,\\\" a certified company in the production of HDPE Plastic Pipes and Corrugated Pipes in the city of Elbasan. The company manufactures Water Pipes ranging from \u00d820 to \u00d8315 with pressures up to 32 bars and Corrugated Pipes for Sewage ranging from \u00d890 to \u00d81000, SN4 and SN8. IGS (iPlast) aims to become a leader in the plastic production sector, participating in significant projects and prioritizing the growth of trust in Albanian products and its contribution to the country's economy. Continuing its investments, IGS (iPlast) aims to promote its products and service quality, ensuring faster and dynamic services while creating employment opportunities across various regions of the country.\",\"legalName\":\"IGS Resources\",\"foundingDate\":\"2020-01-01\",\"numberOfEmployees\":{\"@type\":\"QuantitativeValue\",\"minValue\":\"51\",\"maxValue\":\"200\"},\"address\":{\"@id\":\"https:\/\/iplast.al\/product\/tub-uji-hdpe-pe100-rc-%cf%8620-pn12-5-300m\/#local-main-place-address\"},\"telephone\":[\"+355 68 602 0276\"],\"openingHoursSpecification\":[{\"@type\":\"OpeningHoursSpecification\",\"dayOfWeek\":[\"Monday\",\"Tuesday\",\"Wednesday\",\"Thursday\",\"Friday\",\"Saturday\"],\"opens\":\"07:00\",\"closes\":\"17:00\"},{\"@type\":\"OpeningHoursSpecification\",\"dayOfWeek\":[\"Sunday\"],\"opens\":\"00:00\",\"closes\":\"00:00\"}],\"email\":\"info@iplast.al\",\"areaServed\":\"Albania, Kosovo, Macedonia, Greece, Montenegro, Italy, Bulgaria, Bosnia\",\"vatID\":\"M22610202A\",\"taxID\":\"M22610202A\"},{\"@type\":\"PostalAddress\",\"@id\":\"https:\/\/iplast.al\/product\/tub-uji-hdpe-pe100-rc-%cf%8620-pn12-5-300m\/#local-main-place-address\",\"streetAddress\":\"Ish-Kombinati Metalurgjik, Bradashesh\",\"addressLocality\":\"Elbasan\",\"postalCode\":\"3001\",\"addressRegion\":\"Elbasan\",\"addressCountry\":\"AL\"},{\"@type\":\"ImageObject\",\"inLanguage\":\"el\",\"@id\":\"https:\/\/iplast.al\/product\/tub-uji-hdpe-pe100-rc-%cf%8620-pn12-5-300m\/#local-main-organization-logo\",\"url\":\"https:\/\/iplast.al\/wp-content\/uploads\/2022\/11\/Dark-Logo-SVG-01-01.svg\",\"contentUrl\":\"https:\/\/iplast.al\/wp-content\/uploads\/2022\/11\/Dark-Logo-SVG-01-01.svg\",\"width\":1080,\"height\":1080,\"caption\":\"IGS Resources Shpk\"}]}<\/script>\n<meta property=\"product:price:amount\" content=\"1\" \/>\n<meta property=\"product:price:currency\" content=\"ALL\" \/>\n<meta property=\"og:availability\" content=\"instock\" \/>\n<meta property=\"product:availability\" content=\"instock\" \/>\n<meta property=\"product:condition\" content=\"new\" \/>\n<meta name=\"geo.placename\" content=\"Elbasan\" \/>\n<meta name=\"geo.region\" content=\"\u0391\u03bb\u03b2\u03b1\u03bd\u03af\u03b1\" \/>\n<!-- \/ Yoast SEO Premium plugin. -->","yoast_head_json":{"title":"Tub Uji HDPE PE100-RC \u03a620 PN12.5, 300m - IGS Resources","description":"Tubi i Ujit (fi) \u03a6 20 prodhohet nga materiali HDPE PE100-RC \u00ebsht\u00eb rezistent ndaj presionit t\u00eb lart\u00eb, rrezeve UV dhe i leht\u00eb p\u00ebr tu montuar.","robots":{"index":"index","follow":"follow","max-snippet":"max-snippet:-1","max-image-preview":"max-image-preview:large","max-video-preview":"max-video-preview:-1"},"canonical":"https:\/\/iplast.al\/el\/product\/tub-uji-hdpe-pe100-rc-\u03c620-pn12-5-300m\/","og_locale":"el_GR","og_type":"article","og_title":"Tub Uji HDPE PE100-RC \u03a620 PN12.5, 300m","og_description":"Tubi i Ujit (fi) \u03a6 20 prodhohet nga materiali HDPE PE100-RC \u00ebsht\u00eb rezistent ndaj presionit t\u00eb lart\u00eb, rrezeve UV dhe i leht\u00eb p\u00ebr tu montuar.","og_url":"https:\/\/iplast.al\/el\/product\/tub-uji-hdpe-pe100-rc-\u03c620-pn12-5-300m\/","og_site_name":"IGS Resources","article_publisher":"https:\/\/www.facebook.com\/iplastal","article_modified_time":"2025-12-28T22:58:32+00:00","og_image":[{"width":2048,"height":2048,"url":"https:\/\/iplast.al\/wp-content\/uploads\/2022\/03\/FI20-PN10.png","type":"image\/png"}],"twitter_card":"summary_large_image","twitter_misc":{"\u03a4\u03b9\u03bc\u03ae":"L&nbsp;1","Availability":"In stock"},"schema":{"@context":"https:\/\/schema.org","@graph":[{"@type":"WebPage","@id":"https:\/\/iplast.al\/product\/tub-uji-hdpe-pe100-rc-%cf%8620-pn12-5-300m\/","url":"https:\/\/iplast.al\/product\/tub-uji-hdpe-pe100-rc-%cf%8620-pn12-5-300m\/","name":"Tub Uji HDPE PE100-RC \u03a620 PN12.5, 300m - IGS Resources","isPartOf":{"@id":"https:\/\/iplast.al\/#website"},"primaryImageOfPage":{"@id":"https:\/\/iplast.al\/product\/tub-uji-hdpe-pe100-rc-%cf%8620-pn12-5-300m\/#primaryimage"},"image":{"@id":"https:\/\/iplast.al\/product\/tub-uji-hdpe-pe100-rc-%cf%8620-pn12-5-300m\/#primaryimage"},"thumbnailUrl":"https:\/\/iplast.al\/wp-content\/uploads\/2022\/03\/FI20-PN10.png","datePublished":"2025-12-28T22:53:27+00:00","dateModified":"2025-12-28T22:58:32+00:00","description":"Tubi i Ujit (fi) \u03a6 20 prodhohet nga materiali HDPE PE100-RC \u00ebsht\u00eb rezistent ndaj presionit t\u00eb lart\u00eb, rrezeve UV dhe i leht\u00eb p\u00ebr tu montuar.","breadcrumb":{"@id":"https:\/\/iplast.al\/product\/tub-uji-hdpe-pe100-rc-%cf%8620-pn12-5-300m\/#breadcrumb"},"inLanguage":"el","potentialAction":[{"@type":"ReadAction","target":["https:\/\/iplast.al\/product\/tub-uji-hdpe-pe100-rc-%cf%8620-pn12-5-300m\/"]}]},{"@type":"ImageObject","inLanguage":"el","@id":"https:\/\/iplast.al\/product\/tub-uji-hdpe-pe100-rc-%cf%8620-pn12-5-300m\/#primaryimage","url":"https:\/\/iplast.al\/wp-content\/uploads\/2022\/03\/FI20-PN10.png","contentUrl":"https:\/\/iplast.al\/wp-content\/uploads\/2022\/03\/FI20-PN10.png","width":2048,"height":2048,"caption":"Tub Uji HDPE PE100 FI20 PN10, Bobine 400m - iPlast"},{"@type":"BreadcrumbList","@id":"https:\/\/iplast.al\/product\/tub-uji-hdpe-pe100-rc-%cf%8620-pn12-5-300m\/#breadcrumb","itemListElement":[{"@type":"ListItem","position":1,"name":"Home","item":"https:\/\/iplast.al\/"},{"@type":"ListItem","position":2,"name":"Shop","item":"https:\/\/iplast.al\/shop\/"},{"@type":"ListItem","position":3,"name":"Tub Uji HDPE PE100-RC \u03a620 PN12.5, 300m"}]},{"@type":"WebSite","@id":"https:\/\/iplast.al\/#website","url":"https:\/\/iplast.al\/","name":"IGS Resources Shpk","description":"Cil\u00ebsia q\u00eb duhet","publisher":{"@id":"https:\/\/iplast.al\/#organization"},"alternateName":"iPlast Albania","potentialAction":[{"@type":"SearchAction","target":{"@type":"EntryPoint","urlTemplate":"https:\/\/iplast.al\/?s={search_term_string}"},"query-input":{"@type":"PropertyValueSpecification","valueRequired":true,"valueName":"search_term_string"}}],"inLanguage":"el"},{"@type":["Organization","Place","Corporation"],"@id":"https:\/\/iplast.al\/#organization","name":"IGS Resources Shpk","alternateName":"iPlast Albania","url":"https:\/\/iplast.al\/","logo":{"@id":"https:\/\/iplast.al\/product\/tub-uji-hdpe-pe100-rc-%cf%8620-pn12-5-300m\/#local-main-organization-logo"},"image":{"@id":"https:\/\/iplast.al\/product\/tub-uji-hdpe-pe100-rc-%cf%8620-pn12-5-300m\/#local-main-organization-logo"},"sameAs":["https:\/\/www.facebook.com\/iplastal","https:\/\/www.instagram.com\/iplast.al\/","https:\/\/www.youtube.com\/@iplastalbania4982"],"description":"IGS Resources Shpk introduces its brand \"iPlast,\" a certified company in the production of HDPE Plastic Pipes and Corrugated Pipes in the city of Elbasan. The company manufactures Water Pipes ranging from \u00d820 to \u00d8315 with pressures up to 32 bars and Corrugated Pipes for Sewage ranging from \u00d890 to \u00d81000, SN4 and SN8. IGS (iPlast) aims to become a leader in the plastic production sector, participating in significant projects and prioritizing the growth of trust in Albanian products and its contribution to the country's economy. Continuing its investments, IGS (iPlast) aims to promote its products and service quality, ensuring faster and dynamic services while creating employment opportunities across various regions of the country.","legalName":"IGS Resources","foundingDate":"2020-01-01","numberOfEmployees":{"@type":"QuantitativeValue","minValue":"51","maxValue":"200"},"address":{"@id":"https:\/\/iplast.al\/product\/tub-uji-hdpe-pe100-rc-%cf%8620-pn12-5-300m\/#local-main-place-address"},"telephone":["+355 68 602 0276"],"openingHoursSpecification":[{"@type":"OpeningHoursSpecification","dayOfWeek":["Monday","Tuesday","Wednesday","Thursday","Friday","Saturday"],"opens":"07:00","closes":"17:00"},{"@type":"OpeningHoursSpecification","dayOfWeek":["Sunday"],"opens":"00:00","closes":"00:00"}],"email":"info@iplast.al","areaServed":"Albania, Kosovo, Macedonia, Greece, Montenegro, Italy, Bulgaria, Bosnia","vatID":"M22610202A","taxID":"M22610202A"},{"@type":"PostalAddress","@id":"https:\/\/iplast.al\/product\/tub-uji-hdpe-pe100-rc-%cf%8620-pn12-5-300m\/#local-main-place-address","streetAddress":"Ish-Kombinati Metalurgjik, Bradashesh","addressLocality":"Elbasan","postalCode":"3001","addressRegion":"Elbasan","addressCountry":"AL"},{"@type":"ImageObject","inLanguage":"el","@id":"https:\/\/iplast.al\/product\/tub-uji-hdpe-pe100-rc-%cf%8620-pn12-5-300m\/#local-main-organization-logo","url":"https:\/\/iplast.al\/wp-content\/uploads\/2022\/11\/Dark-Logo-SVG-01-01.svg","contentUrl":"https:\/\/iplast.al\/wp-content\/uploads\/2022\/11\/Dark-Logo-SVG-01-01.svg","width":1080,"height":1080,"caption":"IGS Resources Shpk"}]},"product_price_amount":"1","product_price_currency":"ALL","og_availability":"instock","product_availability":"instock","product_condition":"new","geo.placename":"Elbasan","geo.region":"\u0391\u03bb\u03b2\u03b1\u03bd\u03af\u03b1"},"_links":{"self":[{"href":"https:\/\/iplast.al\/el\/wp-json\/wp\/v2\/product\/9568","targetHints":{"allow":["GET"]}}],"collection":[{"href":"https:\/\/iplast.al\/el\/wp-json\/wp\/v2\/product"}],"about":[{"href":"https:\/\/iplast.al\/el\/wp-json\/wp\/v2\/types\/product"}],"replies":[{"embeddable":true,"href":"https:\/\/iplast.al\/el\/wp-json\/wp\/v2\/comments?post=9568"}],"version-history":[{"count":4,"href":"https:\/\/iplast.al\/el\/wp-json\/wp\/v2\/product\/9568\/revisions"}],"predecessor-version":[{"id":9572,"href":"https:\/\/iplast.al\/el\/wp-json\/wp\/v2\/product\/9568\/revisions\/9572"}],"wp:featuredmedia":[{"embeddable":true,"href":"https:\/\/iplast.al\/el\/wp-json\/wp\/v2\/media\/9558"}],"wp:attachment":[{"href":"https:\/\/iplast.al\/el\/wp-json\/wp\/v2\/media?parent=9568"}],"wp:term":[{"taxonomy":"product_brand","embeddable":true,"href":"https:\/\/iplast.al\/el\/wp-json\/wp\/v2\/product_brand?post=9568"},{"taxonomy":"product_cat","embeddable":true,"href":"https:\/\/iplast.al\/el\/wp-json\/wp\/v2\/product_cat?post=9568"},{"taxonomy":"product_tag","embeddable":true,"href":"https:\/\/iplast.al\/el\/wp-json\/wp\/v2\/product_tag?post=9568"}],"curies":[{"name":"wp","href":"https:\/\/api.w.org\/{rel}","templated":true}]}}