{"id":8774,"date":"2025-01-13T14:02:49","date_gmt":"2025-01-13T13:02:49","guid":{"rendered":"https:\/\/iplast.al\/?post_type=product&#038;p=8774"},"modified":"2025-01-13T14:08:15","modified_gmt":"2025-01-13T13:08:15","slug":"depozita-per-grumbullimin-e-ujit-te-shiut","status":"publish","type":"product","link":"https:\/\/iplast.al\/fr\/product\/depozita-per-grumbullimin-e-ujit-te-shiut\/","title":{"rendered":"Depozita p\u00ebr Grumbullimin e Ujit t\u00eb Shiut"},"content":{"rendered":"<p>iPlast ofron rezervuar\u00eb \/ depozita t\u00eb cil\u00ebsis\u00eb s\u00eb lart\u00eb t\u00eb grumbullimit t\u00eb ujit t\u00eb shiut t\u00eb b\u00ebr\u00eb nga tuba korrugato ( t\u00eb val\u00ebzuar \/ brinj\u00ebzuar ) t\u00eb q\u00ebndruesh\u00ebm, t\u00eb krijuar posa\u00e7\u00ebrisht p\u00ebr t\u00eb p\u00ebrmbushur k\u00ebrkesat unike t\u00eb \u00e7do klienti. K\u00ebto rezervuar\u00eb prodhohen duke p\u00ebrdorur tuba polietileni me densitet t\u00eb lart\u00eb <a href=\"https:\/\/iplast.al\/fr\/produkte\/icor\/\">iCor<\/a> (HDPE), duke siguruar forc\u00eb t\u00eb jasht\u00ebzakonshme, performanc\u00eb afatgjat\u00eb dhe rezistenc\u00eb ndaj faktor\u00ebve mjedisor\u00eb.<\/p>\n<p>Rezervuar\u00ebt tan\u00eb jan\u00eb plot\u00ebsisht t\u00eb personalizuesh\u00ebm p\u00ebr t&#8217;iu p\u00ebrshtatur nevojave tuaja specifike: hap\u00ebsira e disponueshme, kapaciteti i ruajtjes ose k\u00ebrkesat e lidhjes. Dizajni modular lejon integrimin pa probleme n\u00eb sisteme t\u00eb ndryshme, duke i b\u00ebr\u00eb ato ideale p\u00ebr aplikime rezidenciale, bujq\u00ebsore dhe industriale.<\/p>\n<p><strong>Karakteristikat Kryesore<\/strong><\/p>\n<ul>\n<li>Zgjidhje t\u00eb p\u00ebrshtatura: Projektuar dhe prodhuar bazuar n\u00eb v\u00ebllimin e k\u00ebrkuar t\u00eb ruajtjes s\u00eb klientit dhe hap\u00ebsir\u00ebn n\u00eb dispozicion.<\/li>\n<li>Materiali premium: Nd\u00ebrtuar me tuba t\u00eb val\u00ebzuar polietileni me densitet t\u00eb lart\u00eb p\u00ebr q\u00ebndrueshm\u00ebri, rezistenc\u00eb ndaj korrozionit dhe q\u00ebndrueshm\u00ebri mjedisore.<\/li>\n<li>Konfigurime t\u00eb gjithanshme: Opsione p\u00ebr lidhje, regjistra dhe aksesor\u00eb t\u00eb ndrysh\u00ebm p\u00ebr t\u00eb siguruar p\u00ebrputhshm\u00ebri me sistemet ekzistuese.<\/li>\n<li>Efikasiteti i hap\u00ebsir\u00ebs: Optimizuar p\u00ebr instalimet n\u00ebntok\u00ebsore dhe mbitok\u00ebsore p\u00ebr t\u00eb maksimizuar p\u00ebrdorimin e hap\u00ebsir\u00ebs.<\/li>\n<li>Miq\u00ebsore ndaj mjedisit: Leht\u00ebson mbledhjen e ujit t\u00eb shiut dhe promovon menaxhimin e q\u00ebndruesh\u00ebm t\u00eb ujit.<\/li>\n<\/ul>\n<p>Pavar\u00ebsisht n\u00ebse ju nevojitet nj\u00eb rezervuar kompakt p\u00ebr grumbullimin e ujit n\u00eb shkall\u00eb t\u00eb vog\u00ebl ose nj\u00eb sistem i madh p\u00ebr q\u00ebllime industriale, iPlast ofron zgjidhje q\u00eb jan\u00eb t\u00eb besueshme, efikase dhe t\u00eb p\u00ebrshtatura p\u00ebr nevojat tuaja. Besoni iPlast p\u00ebr sistemet e grumbullimit t\u00eb ujit t\u00eb shiut q\u00eb kombinojn\u00eb materialet m\u00eb t\u00eb fundit me inxhinierin\u00eb precize.<\/p>","protected":false},"excerpt":{"rendered":"<p>iPlast ofron rezervuar\u00eb \/ depozita t\u00eb cil\u00ebsis\u00eb s\u00eb lart\u00eb t\u00eb grumbullimit t\u00eb ujit t\u00eb shiut t\u00eb b\u00ebr\u00eb nga tuba korrugato ( t\u00eb val\u00ebzuar \/ brinj\u00ebzuar )<span class=\"excerpt-hellip\"> [\u2026]<\/span><\/p>","protected":false},"featured_media":8775,"comment_status":"closed","ping_status":"closed","template":"","meta":{"_eb_attr":"","inline_featured_image":false},"product_brand":[],"product_cat":[89],"product_tag":[103,100,102,101],"class_list":{"0":"post-8774","1":"product","2":"type-product","3":"status-publish","4":"has-post-thumbnail","6":"product_cat-aksesore","7":"product_tag-depotize-hdpe","8":"product_tag-depozite-uji","9":"product_tag-grumbullim-i-ujit-te-shiut","10":"product_tag-grumbullim-uji","12":"first","13":"instock","14":"taxable","15":"shipping-taxable","16":"purchasable","17":"product-type-simple"},"yoast_head":"<!-- This site is optimized with the Yoast SEO Premium plugin v24.9 (Yoast SEO v24.9) - https:\/\/yoast.com\/wordpress\/plugins\/seo\/ -->\n<title>Depozita p\u00ebr Grumbullimin e Ujit t\u00eb Shiut - IGS Resources<\/title>\n<meta name=\"description\" content=\"iPlast ofron rezervuar\u00eb \/ depozita t\u00eb cil\u00ebsis\u00eb s\u00eb lart\u00eb t\u00eb grumbullimit t\u00eb ujit t\u00eb shiut t\u00eb b\u00ebr\u00eb nga tubakorrugato t\u00eb q\u00ebndruesh\u00ebm, t\u00eb krijuar posa\u00e7\u00ebrisht p\u00ebr t\u00eb p\u00ebrmbushur k\u00ebrkesat unike t\u00eb \u00e7do klienti.\" \/>\n<meta name=\"robots\" content=\"index, follow, max-snippet:-1, max-image-preview:large, max-video-preview:-1\" \/>\n<link rel=\"canonical\" href=\"https:\/\/iplast.al\/fr\/product\/depozita-per-grumbullimin-e-ujit-te-shiut\/\" \/>\n<meta property=\"og:locale\" content=\"fr_FR\" \/>\n<meta property=\"og:type\" content=\"article\" \/>\n<meta property=\"og:title\" content=\"Depozita p\u00ebr Grumbullimin e Ujit t\u00eb Shiut\" \/>\n<meta property=\"og:description\" content=\"iPlast ofron rezervuar\u00eb \/ depozita t\u00eb cil\u00ebsis\u00eb s\u00eb lart\u00eb t\u00eb grumbullimit t\u00eb ujit t\u00eb shiut t\u00eb b\u00ebr\u00eb nga tubakorrugato t\u00eb q\u00ebndruesh\u00ebm, t\u00eb krijuar posa\u00e7\u00ebrisht p\u00ebr t\u00eb p\u00ebrmbushur k\u00ebrkesat unike t\u00eb \u00e7do klienti.\" \/>\n<meta property=\"og:url\" content=\"https:\/\/iplast.al\/fr\/product\/depozita-per-grumbullimin-e-ujit-te-shiut\/\" \/>\n<meta property=\"og:site_name\" content=\"IGS Resources\" \/>\n<meta property=\"article:publisher\" content=\"https:\/\/www.facebook.com\/iplastal\" \/>\n<meta property=\"article:modified_time\" content=\"2025-01-13T13:08:15+00:00\" \/>\n<meta property=\"og:image\" content=\"https:\/\/iplast.al\/wp-content\/uploads\/2025\/01\/144433-8263644.webp\" \/>\n\t<meta property=\"og:image:width\" content=\"640\" \/>\n\t<meta property=\"og:image:height\" content=\"619\" \/>\n\t<meta property=\"og:image:type\" content=\"image\/webp\" \/>\n<meta name=\"twitter:card\" content=\"summary_large_image\" \/>\n<meta name=\"twitter:label1\" content=\"Prix\" \/>\n\t<meta name=\"twitter:data1\" content=\"L&nbsp;100\" \/>\n\t<meta name=\"twitter:label2\" content=\"Availability\" \/>\n\t<meta name=\"twitter:data2\" content=\"In stock\" \/>\n<script type=\"application\/ld+json\" class=\"yoast-schema-graph\">{\"@context\":\"https:\/\/schema.org\",\"@graph\":[{\"@type\":\"WebPage\",\"@id\":\"https:\/\/iplast.al\/product\/depozita-per-grumbullimin-e-ujit-te-shiut\/\",\"url\":\"https:\/\/iplast.al\/product\/depozita-per-grumbullimin-e-ujit-te-shiut\/\",\"name\":\"Depozita p\u00ebr Grumbullimin e Ujit t\u00eb Shiut - IGS Resources\",\"isPartOf\":{\"@id\":\"https:\/\/iplast.al\/#website\"},\"primaryImageOfPage\":{\"@id\":\"https:\/\/iplast.al\/product\/depozita-per-grumbullimin-e-ujit-te-shiut\/#primaryimage\"},\"image\":{\"@id\":\"https:\/\/iplast.al\/product\/depozita-per-grumbullimin-e-ujit-te-shiut\/#primaryimage\"},\"thumbnailUrl\":\"https:\/\/iplast.al\/wp-content\/uploads\/2025\/01\/144433-8263644.webp\",\"datePublished\":\"2025-01-13T13:02:49+00:00\",\"dateModified\":\"2025-01-13T13:08:15+00:00\",\"description\":\"iPlast ofron rezervuar\u00eb \/ depozita t\u00eb cil\u00ebsis\u00eb s\u00eb lart\u00eb t\u00eb grumbullimit t\u00eb ujit t\u00eb shiut t\u00eb b\u00ebr\u00eb nga tubakorrugato t\u00eb q\u00ebndruesh\u00ebm, t\u00eb krijuar posa\u00e7\u00ebrisht p\u00ebr t\u00eb p\u00ebrmbushur k\u00ebrkesat unike t\u00eb \u00e7do klienti.\",\"breadcrumb\":{\"@id\":\"https:\/\/iplast.al\/product\/depozita-per-grumbullimin-e-ujit-te-shiut\/#breadcrumb\"},\"inLanguage\":\"fr-FR\",\"potentialAction\":[{\"@type\":\"ReadAction\",\"target\":[\"https:\/\/iplast.al\/product\/depozita-per-grumbullimin-e-ujit-te-shiut\/\"]}]},{\"@type\":\"ImageObject\",\"inLanguage\":\"fr-FR\",\"@id\":\"https:\/\/iplast.al\/product\/depozita-per-grumbullimin-e-ujit-te-shiut\/#primaryimage\",\"url\":\"https:\/\/iplast.al\/wp-content\/uploads\/2025\/01\/144433-8263644.webp\",\"contentUrl\":\"https:\/\/iplast.al\/wp-content\/uploads\/2025\/01\/144433-8263644.webp\",\"width\":640,\"height\":619,\"caption\":\"Depozita HDPE p\u00ebr grumbullimin e ujit t\u00eb shiut - iplast\"},{\"@type\":\"BreadcrumbList\",\"@id\":\"https:\/\/iplast.al\/product\/depozita-per-grumbullimin-e-ujit-te-shiut\/#breadcrumb\",\"itemListElement\":[{\"@type\":\"ListItem\",\"position\":1,\"name\":\"Home\",\"item\":\"https:\/\/iplast.al\/\"},{\"@type\":\"ListItem\",\"position\":2,\"name\":\"Shop\",\"item\":\"https:\/\/iplast.al\/shop\/\"},{\"@type\":\"ListItem\",\"position\":3,\"name\":\"Depozita p\u00ebr Grumbullimin e Ujit t\u00eb Shiut\"}]},{\"@type\":\"WebSite\",\"@id\":\"https:\/\/iplast.al\/#website\",\"url\":\"https:\/\/iplast.al\/\",\"name\":\"IGS Resources Shpk\",\"description\":\"Cil\u00ebsia q\u00eb duhet\",\"publisher\":{\"@id\":\"https:\/\/iplast.al\/#organization\"},\"alternateName\":\"iPlast Albania\",\"potentialAction\":[{\"@type\":\"SearchAction\",\"target\":{\"@type\":\"EntryPoint\",\"urlTemplate\":\"https:\/\/iplast.al\/?s={search_term_string}\"},\"query-input\":{\"@type\":\"PropertyValueSpecification\",\"valueRequired\":true,\"valueName\":\"search_term_string\"}}],\"inLanguage\":\"fr-FR\"},{\"@type\":[\"Organization\",\"Place\",\"Corporation\"],\"@id\":\"https:\/\/iplast.al\/#organization\",\"name\":\"IGS Resources Shpk\",\"alternateName\":\"iPlast Albania\",\"url\":\"https:\/\/iplast.al\/\",\"logo\":{\"@id\":\"https:\/\/iplast.al\/product\/depozita-per-grumbullimin-e-ujit-te-shiut\/#local-main-organization-logo\"},\"image\":{\"@id\":\"https:\/\/iplast.al\/product\/depozita-per-grumbullimin-e-ujit-te-shiut\/#local-main-organization-logo\"},\"sameAs\":[\"https:\/\/www.facebook.com\/iplastal\",\"https:\/\/www.instagram.com\/iplast.al\/\",\"https:\/\/www.youtube.com\/@iplastalbania4982\"],\"description\":\"IGS Resources Shpk introduces its brand \\\"iPlast,\\\" a certified company in the production of HDPE Plastic Pipes and Corrugated Pipes in the city of Elbasan. The company manufactures Water Pipes ranging from \u00d820 to \u00d8315 with pressures up to 32 bars and Corrugated Pipes for Sewage ranging from \u00d890 to \u00d81000, SN4 and SN8. IGS (iPlast) aims to become a leader in the plastic production sector, participating in significant projects and prioritizing the growth of trust in Albanian products and its contribution to the country's economy. Continuing its investments, IGS (iPlast) aims to promote its products and service quality, ensuring faster and dynamic services while creating employment opportunities across various regions of the country.\",\"legalName\":\"IGS Resources\",\"foundingDate\":\"2020-01-01\",\"numberOfEmployees\":{\"@type\":\"QuantitativeValue\",\"minValue\":\"51\",\"maxValue\":\"200\"},\"address\":{\"@id\":\"https:\/\/iplast.al\/product\/depozita-per-grumbullimin-e-ujit-te-shiut\/#local-main-place-address\"},\"telephone\":[\"+355 68 602 0276\"],\"openingHoursSpecification\":[{\"@type\":\"OpeningHoursSpecification\",\"dayOfWeek\":[\"Monday\",\"Tuesday\",\"Wednesday\",\"Thursday\",\"Friday\",\"Saturday\"],\"opens\":\"07:00\",\"closes\":\"17:00\"},{\"@type\":\"OpeningHoursSpecification\",\"dayOfWeek\":[\"Sunday\"],\"opens\":\"00:00\",\"closes\":\"00:00\"}],\"email\":\"info@iplast.al\",\"areaServed\":\"Albania, Kosovo, Macedonia, Greece, Montenegro, Italy, Bulgaria, Bosnia\",\"vatID\":\"M22610202A\",\"taxID\":\"M22610202A\"},{\"@type\":\"PostalAddress\",\"@id\":\"https:\/\/iplast.al\/product\/depozita-per-grumbullimin-e-ujit-te-shiut\/#local-main-place-address\",\"streetAddress\":\"Ish-Kombinati Metalurgjik, Bradashesh\",\"addressLocality\":\"Elbasan\",\"postalCode\":\"3001\",\"addressRegion\":\"Elbasan\",\"addressCountry\":\"AL\"},{\"@type\":\"ImageObject\",\"inLanguage\":\"fr-FR\",\"@id\":\"https:\/\/iplast.al\/product\/depozita-per-grumbullimin-e-ujit-te-shiut\/#local-main-organization-logo\",\"url\":\"https:\/\/iplast.al\/wp-content\/uploads\/2022\/11\/Dark-Logo-SVG-01-01.svg\",\"contentUrl\":\"https:\/\/iplast.al\/wp-content\/uploads\/2022\/11\/Dark-Logo-SVG-01-01.svg\",\"width\":1080,\"height\":1080,\"caption\":\"IGS Resources Shpk\"}]}<\/script>\n<meta property=\"product:price:amount\" content=\"100\" \/>\n<meta property=\"product:price:currency\" content=\"ALL\" \/>\n<meta property=\"og:availability\" content=\"instock\" \/>\n<meta property=\"product:availability\" content=\"instock\" \/>\n<meta property=\"product:retailer_item_id\" content=\"10\" \/>\n<meta property=\"product:condition\" content=\"new\" \/>\n<meta name=\"geo.placename\" content=\"Elbasan\" \/>\n<meta name=\"geo.region\" content=\"Albanie\" \/>\n<!-- \/ Yoast SEO Premium plugin. -->","yoast_head_json":{"title":"Depozita p\u00ebr Grumbullimin e Ujit t\u00eb Shiut - IGS Resources","description":"iPlast ofron rezervuar\u00eb \/ depozita t\u00eb cil\u00ebsis\u00eb s\u00eb lart\u00eb t\u00eb grumbullimit t\u00eb ujit t\u00eb shiut t\u00eb b\u00ebr\u00eb nga tubakorrugato t\u00eb q\u00ebndruesh\u00ebm, t\u00eb krijuar posa\u00e7\u00ebrisht p\u00ebr t\u00eb p\u00ebrmbushur k\u00ebrkesat unike t\u00eb \u00e7do klienti.","robots":{"index":"index","follow":"follow","max-snippet":"max-snippet:-1","max-image-preview":"max-image-preview:large","max-video-preview":"max-video-preview:-1"},"canonical":"https:\/\/iplast.al\/fr\/product\/depozita-per-grumbullimin-e-ujit-te-shiut\/","og_locale":"fr_FR","og_type":"article","og_title":"Depozita p\u00ebr Grumbullimin e Ujit t\u00eb Shiut","og_description":"iPlast ofron rezervuar\u00eb \/ depozita t\u00eb cil\u00ebsis\u00eb s\u00eb lart\u00eb t\u00eb grumbullimit t\u00eb ujit t\u00eb shiut t\u00eb b\u00ebr\u00eb nga tubakorrugato t\u00eb q\u00ebndruesh\u00ebm, t\u00eb krijuar posa\u00e7\u00ebrisht p\u00ebr t\u00eb p\u00ebrmbushur k\u00ebrkesat unike t\u00eb \u00e7do klienti.","og_url":"https:\/\/iplast.al\/fr\/product\/depozita-per-grumbullimin-e-ujit-te-shiut\/","og_site_name":"IGS Resources","article_publisher":"https:\/\/www.facebook.com\/iplastal","article_modified_time":"2025-01-13T13:08:15+00:00","og_image":[{"width":640,"height":619,"url":"https:\/\/iplast.al\/wp-content\/uploads\/2025\/01\/144433-8263644.webp","type":"image\/webp"}],"twitter_card":"summary_large_image","twitter_misc":{"Prix":"L&nbsp;100","Availability":"In stock"},"schema":{"@context":"https:\/\/schema.org","@graph":[{"@type":"WebPage","@id":"https:\/\/iplast.al\/product\/depozita-per-grumbullimin-e-ujit-te-shiut\/","url":"https:\/\/iplast.al\/product\/depozita-per-grumbullimin-e-ujit-te-shiut\/","name":"Depozita p\u00ebr Grumbullimin e Ujit t\u00eb Shiut - IGS Resources","isPartOf":{"@id":"https:\/\/iplast.al\/#website"},"primaryImageOfPage":{"@id":"https:\/\/iplast.al\/product\/depozita-per-grumbullimin-e-ujit-te-shiut\/#primaryimage"},"image":{"@id":"https:\/\/iplast.al\/product\/depozita-per-grumbullimin-e-ujit-te-shiut\/#primaryimage"},"thumbnailUrl":"https:\/\/iplast.al\/wp-content\/uploads\/2025\/01\/144433-8263644.webp","datePublished":"2025-01-13T13:02:49+00:00","dateModified":"2025-01-13T13:08:15+00:00","description":"iPlast ofron rezervuar\u00eb \/ depozita t\u00eb cil\u00ebsis\u00eb s\u00eb lart\u00eb t\u00eb grumbullimit t\u00eb ujit t\u00eb shiut t\u00eb b\u00ebr\u00eb nga tubakorrugato t\u00eb q\u00ebndruesh\u00ebm, t\u00eb krijuar posa\u00e7\u00ebrisht p\u00ebr t\u00eb p\u00ebrmbushur k\u00ebrkesat unike t\u00eb \u00e7do klienti.","breadcrumb":{"@id":"https:\/\/iplast.al\/product\/depozita-per-grumbullimin-e-ujit-te-shiut\/#breadcrumb"},"inLanguage":"fr-FR","potentialAction":[{"@type":"ReadAction","target":["https:\/\/iplast.al\/product\/depozita-per-grumbullimin-e-ujit-te-shiut\/"]}]},{"@type":"ImageObject","inLanguage":"fr-FR","@id":"https:\/\/iplast.al\/product\/depozita-per-grumbullimin-e-ujit-te-shiut\/#primaryimage","url":"https:\/\/iplast.al\/wp-content\/uploads\/2025\/01\/144433-8263644.webp","contentUrl":"https:\/\/iplast.al\/wp-content\/uploads\/2025\/01\/144433-8263644.webp","width":640,"height":619,"caption":"Depozita HDPE p\u00ebr grumbullimin e ujit t\u00eb shiut - iplast"},{"@type":"BreadcrumbList","@id":"https:\/\/iplast.al\/product\/depozita-per-grumbullimin-e-ujit-te-shiut\/#breadcrumb","itemListElement":[{"@type":"ListItem","position":1,"name":"Home","item":"https:\/\/iplast.al\/"},{"@type":"ListItem","position":2,"name":"Shop","item":"https:\/\/iplast.al\/shop\/"},{"@type":"ListItem","position":3,"name":"Depozita p\u00ebr Grumbullimin e Ujit t\u00eb Shiut"}]},{"@type":"WebSite","@id":"https:\/\/iplast.al\/#website","url":"https:\/\/iplast.al\/","name":"IGS Resources Shpk","description":"Cil\u00ebsia q\u00eb duhet","publisher":{"@id":"https:\/\/iplast.al\/#organization"},"alternateName":"iPlast Albania","potentialAction":[{"@type":"SearchAction","target":{"@type":"EntryPoint","urlTemplate":"https:\/\/iplast.al\/?s={search_term_string}"},"query-input":{"@type":"PropertyValueSpecification","valueRequired":true,"valueName":"search_term_string"}}],"inLanguage":"fr-FR"},{"@type":["Organization","Place","Corporation"],"@id":"https:\/\/iplast.al\/#organization","name":"IGS Resources Shpk","alternateName":"iPlast Albania","url":"https:\/\/iplast.al\/","logo":{"@id":"https:\/\/iplast.al\/product\/depozita-per-grumbullimin-e-ujit-te-shiut\/#local-main-organization-logo"},"image":{"@id":"https:\/\/iplast.al\/product\/depozita-per-grumbullimin-e-ujit-te-shiut\/#local-main-organization-logo"},"sameAs":["https:\/\/www.facebook.com\/iplastal","https:\/\/www.instagram.com\/iplast.al\/","https:\/\/www.youtube.com\/@iplastalbania4982"],"description":"IGS Resources Shpk introduces its brand \"iPlast,\" a certified company in the production of HDPE Plastic Pipes and Corrugated Pipes in the city of Elbasan. The company manufactures Water Pipes ranging from \u00d820 to \u00d8315 with pressures up to 32 bars and Corrugated Pipes for Sewage ranging from \u00d890 to \u00d81000, SN4 and SN8. IGS (iPlast) aims to become a leader in the plastic production sector, participating in significant projects and prioritizing the growth of trust in Albanian products and its contribution to the country's economy. Continuing its investments, IGS (iPlast) aims to promote its products and service quality, ensuring faster and dynamic services while creating employment opportunities across various regions of the country.","legalName":"IGS Resources","foundingDate":"2020-01-01","numberOfEmployees":{"@type":"QuantitativeValue","minValue":"51","maxValue":"200"},"address":{"@id":"https:\/\/iplast.al\/product\/depozita-per-grumbullimin-e-ujit-te-shiut\/#local-main-place-address"},"telephone":["+355 68 602 0276"],"openingHoursSpecification":[{"@type":"OpeningHoursSpecification","dayOfWeek":["Monday","Tuesday","Wednesday","Thursday","Friday","Saturday"],"opens":"07:00","closes":"17:00"},{"@type":"OpeningHoursSpecification","dayOfWeek":["Sunday"],"opens":"00:00","closes":"00:00"}],"email":"info@iplast.al","areaServed":"Albania, Kosovo, Macedonia, Greece, Montenegro, Italy, Bulgaria, Bosnia","vatID":"M22610202A","taxID":"M22610202A"},{"@type":"PostalAddress","@id":"https:\/\/iplast.al\/product\/depozita-per-grumbullimin-e-ujit-te-shiut\/#local-main-place-address","streetAddress":"Ish-Kombinati Metalurgjik, Bradashesh","addressLocality":"Elbasan","postalCode":"3001","addressRegion":"Elbasan","addressCountry":"AL"},{"@type":"ImageObject","inLanguage":"fr-FR","@id":"https:\/\/iplast.al\/product\/depozita-per-grumbullimin-e-ujit-te-shiut\/#local-main-organization-logo","url":"https:\/\/iplast.al\/wp-content\/uploads\/2022\/11\/Dark-Logo-SVG-01-01.svg","contentUrl":"https:\/\/iplast.al\/wp-content\/uploads\/2022\/11\/Dark-Logo-SVG-01-01.svg","width":1080,"height":1080,"caption":"IGS Resources Shpk"}]},"product_price_amount":"100","product_price_currency":"ALL","og_availability":"instock","product_availability":"instock","product_retailer_item_id":"10","product_condition":"new","geo.placename":"Elbasan","geo.region":"Albanie"},"_links":{"self":[{"href":"https:\/\/iplast.al\/fr\/wp-json\/wp\/v2\/product\/8774","targetHints":{"allow":["GET"]}}],"collection":[{"href":"https:\/\/iplast.al\/fr\/wp-json\/wp\/v2\/product"}],"about":[{"href":"https:\/\/iplast.al\/fr\/wp-json\/wp\/v2\/types\/product"}],"replies":[{"embeddable":true,"href":"https:\/\/iplast.al\/fr\/wp-json\/wp\/v2\/comments?post=8774"}],"version-history":[{"count":2,"href":"https:\/\/iplast.al\/fr\/wp-json\/wp\/v2\/product\/8774\/revisions"}],"predecessor-version":[{"id":8778,"href":"https:\/\/iplast.al\/fr\/wp-json\/wp\/v2\/product\/8774\/revisions\/8778"}],"wp:featuredmedia":[{"embeddable":true,"href":"https:\/\/iplast.al\/fr\/wp-json\/wp\/v2\/media\/8775"}],"wp:attachment":[{"href":"https:\/\/iplast.al\/fr\/wp-json\/wp\/v2\/media?parent=8774"}],"wp:term":[{"taxonomy":"product_brand","embeddable":true,"href":"https:\/\/iplast.al\/fr\/wp-json\/wp\/v2\/product_brand?post=8774"},{"taxonomy":"product_cat","embeddable":true,"href":"https:\/\/iplast.al\/fr\/wp-json\/wp\/v2\/product_cat?post=8774"},{"taxonomy":"product_tag","embeddable":true,"href":"https:\/\/iplast.al\/fr\/wp-json\/wp\/v2\/product_tag?post=8774"}],"curies":[{"name":"wp","href":"https:\/\/api.w.org\/{rel}","templated":true}]}}