{"id":938,"date":"2022-03-14T11:56:31","date_gmt":"2022-03-14T10:56:31","guid":{"rendered":"https:\/\/iplast.al\/?page_id=938"},"modified":"2024-06-25T20:07:53","modified_gmt":"2024-06-25T19:07:53","slug":"qendrueshmeria","status":"publish","type":"page","link":"https:\/\/iplast.al\/it\/kompania\/qendrueshmeria\/","title":{"rendered":"Sostenibilit\u00e0"},"content":{"rendered":"<div data-elementor-type=\"wp-page\" data-elementor-id=\"938\" class=\"elementor elementor-938\" data-elementor-settings=\"{&quot;element_pack_global_tooltip_width&quot;:{&quot;unit&quot;:&quot;px&quot;,&quot;size&quot;:&quot;&quot;,&quot;sizes&quot;:[]},&quot;element_pack_global_tooltip_width_tablet&quot;:{&quot;unit&quot;:&quot;px&quot;,&quot;size&quot;:&quot;&quot;,&quot;sizes&quot;:[]},&quot;element_pack_global_tooltip_width_mobile&quot;:{&quot;unit&quot;:&quot;px&quot;,&quot;size&quot;:&quot;&quot;,&quot;sizes&quot;:[]},&quot;element_pack_global_tooltip_padding&quot;:{&quot;unit&quot;:&quot;px&quot;,&quot;top&quot;:&quot;&quot;,&quot;right&quot;:&quot;&quot;,&quot;bottom&quot;:&quot;&quot;,&quot;left&quot;:&quot;&quot;,&quot;isLinked&quot;:true},&quot;element_pack_global_tooltip_padding_tablet&quot;:{&quot;unit&quot;:&quot;px&quot;,&quot;top&quot;:&quot;&quot;,&quot;right&quot;:&quot;&quot;,&quot;bottom&quot;:&quot;&quot;,&quot;left&quot;:&quot;&quot;,&quot;isLinked&quot;:true},&quot;element_pack_global_tooltip_padding_mobile&quot;:{&quot;unit&quot;:&quot;px&quot;,&quot;top&quot;:&quot;&quot;,&quot;right&quot;:&quot;&quot;,&quot;bottom&quot;:&quot;&quot;,&quot;left&quot;:&quot;&quot;,&quot;isLinked&quot;:true},&quot;element_pack_global_tooltip_border_radius&quot;:{&quot;unit&quot;:&quot;px&quot;,&quot;top&quot;:&quot;&quot;,&quot;right&quot;:&quot;&quot;,&quot;bottom&quot;:&quot;&quot;,&quot;left&quot;:&quot;&quot;,&quot;isLinked&quot;:true},&quot;element_pack_global_tooltip_border_radius_tablet&quot;:{&quot;unit&quot;:&quot;px&quot;,&quot;top&quot;:&quot;&quot;,&quot;right&quot;:&quot;&quot;,&quot;bottom&quot;:&quot;&quot;,&quot;left&quot;:&quot;&quot;,&quot;isLinked&quot;:true},&quot;element_pack_global_tooltip_border_radius_mobile&quot;:{&quot;unit&quot;:&quot;px&quot;,&quot;top&quot;:&quot;&quot;,&quot;right&quot;:&quot;&quot;,&quot;bottom&quot;:&quot;&quot;,&quot;left&quot;:&quot;&quot;,&quot;isLinked&quot;:true}}\" data-elementor-post-type=\"page\">\n\t\t\t\t<div data-particle_enable=\"false\" data-particle-mobile-disabled=\"false\" class=\"elementor-element elementor-element-2a3fd85 e-con-full e-flex e-con e-parent\" data-id=\"2a3fd85\" data-element_type=\"container\" data-e-type=\"container\" data-settings=\"{&quot;background_background&quot;:&quot;video&quot;,&quot;background_video_link&quot;:&quot;https:\\\/\\\/youtu.be\\\/EafCoX64olo&quot;,&quot;background_play_on_mobile&quot;:&quot;yes&quot;,&quot;background_privacy_mode&quot;:&quot;yes&quot;}\">\n\t\t<div class=\"elementor-background-video-container\">\n\t\t\t\t\t\t\t<div class=\"elementor-background-video-embed\" role=\"presentation\"><\/div>\n\t\t\t\t\t\t<\/div>\t\t<div class=\"elementor-element elementor-element-d22bd55 elementor-widget elementor-widget-spacer\" data-id=\"d22bd55\" data-element_type=\"widget\" data-e-type=\"widget\" data-settings=\"{&quot;ekit_we_effect_on&quot;:&quot;none&quot;}\" data-widget_type=\"spacer.default\">\n\t\t\t\t\t\t<div class=\"elementor-widget-container\">\n\t\t\t\t\t\t\t<div class=\"elementor-spacer\">\n\t\t\t<div class=\"elementor-spacer-inner\"><\/div>\n\t\t<\/div>\n\t\t\t\t\t\t<\/div>\n\t\t\t\t<\/div>\n\t\t\t\t<div class=\"elementor-element elementor-element-2b61aac elementor-widget elementor-widget-heading\" data-id=\"2b61aac\" data-element_type=\"widget\" data-e-type=\"widget\" data-settings=\"{&quot;ekit_we_effect_on&quot;:&quot;none&quot;}\" data-widget_type=\"heading.default\">\n\t\t\t\t\t\t<div class=\"elementor-widget-container\">\n\t\t\t\t\t<h2 class=\"elementor-heading-title elementor-size-default\">\"Il compito che siamo chiamati a svolgere \u00e8 quello di contribuire a rendere questo mondo un posto migliore, per noi e per le generazioni future\"<\/h2>\t\t\t\t<\/div>\n\t\t\t\t<\/div>\n\t\t\t\t<\/div>\n\t\t\t\t<section data-particle_enable=\"false\" data-particle-mobile-disabled=\"false\" class=\"elementor-section elementor-top-section elementor-element elementor-element-f289a59 elementor-section-boxed elementor-section-height-default elementor-section-height-default\" data-id=\"f289a59\" data-element_type=\"section\" data-e-type=\"section\">\n\t\t\t\t\t\t<div class=\"elementor-container elementor-column-gap-default\">\n\t\t\t\t\t<div class=\"elementor-column elementor-col-33 elementor-top-column elementor-element elementor-element-df65b69\" data-id=\"df65b69\" data-element_type=\"column\" data-e-type=\"column\">\n\t\t\t<div class=\"elementor-widget-wrap elementor-element-populated\">\n\t\t\t\t\t\t<div class=\"elementor-element elementor-element-8c7d5e4 elementor-view-stacked elementor-shape-circle elementor-position-block-start elementor-mobile-position-block-start elementor-widget elementor-widget-icon-box\" data-id=\"8c7d5e4\" data-element_type=\"widget\" data-e-type=\"widget\" data-settings=\"{&quot;ekit_we_effect_on&quot;:&quot;none&quot;}\" data-widget_type=\"icon-box.default\">\n\t\t\t\t\t\t<div class=\"elementor-widget-container\">\n\t\t\t\t\t\t\t<div class=\"elementor-icon-box-wrapper\">\n\n\t\t\t\t\t\t<div class=\"elementor-icon-box-icon\">\n\t\t\t\t<span  class=\"elementor-icon\">\n\t\t\t\t<svg aria-hidden=\"true\" class=\"e-font-icon-svg e-far-lightbulb\" viewbox=\"0 0 352 512\" xmlns=\"http:\/\/www.w3.org\/2000\/svg\"><path d=\"M176 80c-52.94 0-96 43.06-96 96 0 8.84 7.16 16 16 16s16-7.16 16-16c0-35.3 28.72-64 64-64 8.84 0 16-7.16 16-16s-7.16-16-16-16zM96.06 459.17c0 3.15.93 6.22 2.68 8.84l24.51 36.84c2.97 4.46 7.97 7.14 13.32 7.14h78.85c5.36 0 10.36-2.68 13.32-7.14l24.51-36.84c1.74-2.62 2.67-5.7 2.68-8.84l.05-43.18H96.02l.04 43.18zM176 0C73.72 0 0 82.97 0 176c0 44.37 16.45 84.85 43.56 115.78 16.64 18.99 42.74 58.8 52.42 92.16v.06h48v-.12c-.01-4.77-.72-9.51-2.15-14.07-5.59-17.81-22.82-64.77-62.17-109.67-20.54-23.43-31.52-53.15-31.61-84.14-.2-73.64 59.67-128 127.95-128 70.58 0 128 57.42 128 128 0 30.97-11.24 60.85-31.65 84.14-39.11 44.61-56.42 91.47-62.1 109.46a47.507 47.507 0 0 0-2.22 14.3v.1h48v-.05c9.68-33.37 35.78-73.18 52.42-92.16C335.55 260.85 352 220.37 352 176 352 78.8 273.2 0 176 0z\"><\/path><\/svg>\t\t\t\t<\/span>\n\t\t\t<\/div>\n\t\t\t\n\t\t\t\t\t\t<div class=\"elementor-icon-box-content\">\n\n\t\t\t\t\t\t\t\t\t<h3 class=\"elementor-icon-box-title\">\n\t\t\t\t\t\t<span  >\n\t\t\t\t\t\t\tInnovazione\t\t\t\t\t\t<\/span>\n\t\t\t\t\t<\/h3>\n\t\t\t\t\n\t\t\t\t\t\t\t\t\t<p class=\"elementor-icon-box-description\">\n\t\t\t\t\t\tcreare prodotti migliori; migliori prestazioni e minor impatto\t\t\t\t\t<\/p>\n\t\t\t\t\n\t\t\t<\/div>\n\t\t\t\n\t\t<\/div>\n\t\t\t\t\t\t<\/div>\n\t\t\t\t<\/div>\n\t\t\t\t\t<\/div>\n\t\t<\/div>\n\t\t\t\t<div class=\"elementor-column elementor-col-33 elementor-top-column elementor-element elementor-element-5fe7bce\" data-id=\"5fe7bce\" data-element_type=\"column\" data-e-type=\"column\">\n\t\t\t<div class=\"elementor-widget-wrap elementor-element-populated\">\n\t\t\t\t\t\t<div class=\"elementor-element elementor-element-08567b8 elementor-view-stacked elementor-shape-circle elementor-position-block-start elementor-mobile-position-block-start elementor-widget elementor-widget-icon-box\" data-id=\"08567b8\" data-element_type=\"widget\" data-e-type=\"widget\" data-settings=\"{&quot;ekit_we_effect_on&quot;:&quot;none&quot;}\" data-widget_type=\"icon-box.default\">\n\t\t\t\t\t\t<div class=\"elementor-widget-container\">\n\t\t\t\t\t\t\t<div class=\"elementor-icon-box-wrapper\">\n\n\t\t\t\t\t\t<div class=\"elementor-icon-box-icon\">\n\t\t\t\t<span  class=\"elementor-icon\">\n\t\t\t\t<svg aria-hidden=\"true\" class=\"e-font-icon-svg e-fas-neuter\" viewbox=\"0 0 288 512\" xmlns=\"http:\/\/www.w3.org\/2000\/svg\"><path d=\"M288 176c0-79.5-64.5-144-144-144S0 96.5 0 176c0 68.5 47.9 125.9 112 140.4V468c0 6.6 5.4 12 12 12h40c6.6 0 12-5.4 12-12V316.4c64.1-14.5 112-71.9 112-140.4zm-144 80c-44.1 0-80-35.9-80-80s35.9-80 80-80 80 35.9 80 80-35.9 80-80 80z\"><\/path><\/svg>\t\t\t\t<\/span>\n\t\t\t<\/div>\n\t\t\t\n\t\t\t\t\t\t<div class=\"elementor-icon-box-content\">\n\n\t\t\t\t\t\t\t\t\t<h3 class=\"elementor-icon-box-title\">\n\t\t\t\t\t\t<span  >\n\t\t\t\t\t\t\tTrasparenza\t\t\t\t\t\t<\/span>\n\t\t\t\t\t<\/h3>\n\t\t\t\t\n\t\t\t\t\t\t\t\t\t<p class=\"elementor-icon-box-description\">\n\t\t\t\t\t\tnel misurare e comunicare il nostro impatto a tutte le parti interessate\t\t\t\t\t<\/p>\n\t\t\t\t\n\t\t\t<\/div>\n\t\t\t\n\t\t<\/div>\n\t\t\t\t\t\t<\/div>\n\t\t\t\t<\/div>\n\t\t\t\t\t<\/div>\n\t\t<\/div>\n\t\t\t\t<div class=\"elementor-column elementor-col-33 elementor-top-column elementor-element elementor-element-3b00d97\" data-id=\"3b00d97\" data-element_type=\"column\" data-e-type=\"column\">\n\t\t\t<div class=\"elementor-widget-wrap elementor-element-populated\">\n\t\t\t\t\t\t<div class=\"elementor-element elementor-element-b0aa1fa elementor-view-stacked elementor-shape-circle elementor-position-block-start elementor-mobile-position-block-start elementor-widget elementor-widget-icon-box\" data-id=\"b0aa1fa\" data-element_type=\"widget\" data-e-type=\"widget\" data-settings=\"{&quot;ekit_we_effect_on&quot;:&quot;none&quot;}\" data-widget_type=\"icon-box.default\">\n\t\t\t\t\t\t<div class=\"elementor-widget-container\">\n\t\t\t\t\t\t\t<div class=\"elementor-icon-box-wrapper\">\n\n\t\t\t\t\t\t<div class=\"elementor-icon-box-icon\">\n\t\t\t\t<span  class=\"elementor-icon\">\n\t\t\t\t<svg aria-hidden=\"true\" class=\"e-font-icon-svg e-fab-connectdevelop\" viewbox=\"0 0 576 512\" xmlns=\"http:\/\/www.w3.org\/2000\/svg\"><path d=\"M550.5 241l-50.089-86.786c1.071-2.142 1.875-4.553 1.875-7.232 0-8.036-6.696-14.733-14.732-15.001l-55.447-95.893c.536-1.607 1.071-3.214 1.071-4.821 0-8.571-6.964-15.268-15.268-15.268-4.821 0-8.839 2.143-11.786 5.625H299.518C296.839 18.143 292.821 16 288 16s-8.839 2.143-11.518 5.625H170.411C167.464 18.143 163.447 16 158.625 16c-8.303 0-15.268 6.696-15.268 15.268 0 1.607.536 3.482 1.072 4.821l-55.983 97.233c-5.356 2.41-9.107 7.5-9.107 13.661 0 .535.268 1.071.268 1.607l-53.304 92.143c-7.232 1.339-12.59 7.5-12.59 15 0 7.232 5.089 13.393 12.054 15l55.179 95.358c-.536 1.607-.804 2.946-.804 4.821 0 7.232 5.089 13.393 12.054 14.732l51.697 89.732c-.536 1.607-1.071 3.482-1.071 5.357 0 8.571 6.964 15.268 15.268 15.268 4.821 0 8.839-2.143 11.518-5.357h106.875C279.161 493.857 283.447 496 288 496s8.839-2.143 11.518-5.357h107.143c2.678 2.946 6.696 4.821 10.982 4.821 8.571 0 15.268-6.964 15.268-15.268 0-1.607-.267-2.946-.803-4.285l51.697-90.268c6.964-1.339 12.054-7.5 12.054-14.732 0-1.607-.268-3.214-.804-4.821l54.911-95.358c6.964-1.339 12.322-7.5 12.322-15-.002-7.232-5.092-13.393-11.788-14.732zM153.535 450.732l-43.66-75.803h43.66v75.803zm0-83.839h-43.66c-.268-1.071-.804-2.142-1.339-3.214l44.999-47.41v50.624zm0-62.411l-50.357 53.304c-1.339-.536-2.679-1.34-4.018-1.607L43.447 259.75c.535-1.339.535-2.679.535-4.018s0-2.41-.268-3.482l51.965-90c2.679-.268 5.357-1.072 7.768-2.679l50.089 51.965v92.946zm0-102.322l-45.803-47.41c1.339-2.143 2.143-4.821 2.143-7.767 0-.268-.268-.804-.268-1.072l43.928-15.804v72.053zm0-80.625l-43.66 15.804 43.66-75.536v59.732zm326.519 39.108l.804 1.339L445.5 329.125l-63.75-67.232 98.036-101.518.268.268zM291.75 355.107l11.518 11.786H280.5l11.25-11.786zm-.268-11.25l-83.303-85.446 79.553-84.375 83.036 87.589-79.286 82.232zm5.357 5.893l79.286-82.232 67.5 71.25-5.892 28.125H313.714l-16.875-17.143zM410.411 44.393c1.071.536 2.142 1.072 3.482 1.34l57.857 100.714v.536c0 2.946.803 5.624 2.143 7.767L376.393 256l-83.035-87.589L410.411 44.393zm-9.107-2.143L287.732 162.518l-57.054-60.268 166.339-60h4.287zm-123.483 0c2.678 2.678 6.16 4.285 10.179 4.285s7.5-1.607 10.179-4.285h75L224.786 95.821 173.893 42.25h103.928zm-116.249 5.625l1.071-2.142a33.834 33.834 0 0 0 2.679-.804l51.161 53.84-54.911 19.821V47.875zm0 79.286l60.803-21.964 59.732 63.214-79.553 84.107-40.982-42.053v-83.304zm0 92.678L198 257.607l-36.428 38.304v-76.072zm0 87.858l42.053-44.464 82.768 85.982-17.143 17.678H161.572v-59.196zm6.964 162.053c-1.607-1.607-3.482-2.678-5.893-3.482l-1.071-1.607v-89.732h99.91l-91.607 94.821h-1.339zm129.911 0c-2.679-2.41-6.428-4.285-10.447-4.285s-7.767 1.875-10.447 4.285h-96.429l91.607-94.821h38.304l91.607 94.821H298.447zm120-11.786l-4.286 7.5c-1.339.268-2.41.803-3.482 1.339l-89.196-91.875h114.376l-17.412 83.036zm12.856-22.232l12.858-60.803h21.964l-34.822 60.803zm34.822-68.839h-20.357l4.553-21.16 17.143 18.214c-.535.803-1.071 1.874-1.339 2.946zm66.161-107.411l-55.447 96.697c-1.339.535-2.679 1.071-4.018 1.874l-20.625-21.964 34.554-163.928 45.803 79.286c-.267 1.339-.803 2.678-.803 4.285 0 1.339.268 2.411.536 3.75z\"><\/path><\/svg>\t\t\t\t<\/span>\n\t\t\t<\/div>\n\t\t\t\n\t\t\t\t\t\t<div class=\"elementor-icon-box-content\">\n\n\t\t\t\t\t\t\t\t\t<h3 class=\"elementor-icon-box-title\">\n\t\t\t\t\t\t<span  >\n\t\t\t\t\t\t\tInterdipendenza\t\t\t\t\t\t<\/span>\n\t\t\t\t\t<\/h3>\n\t\t\t\t\n\t\t\t\t\t\t\t\t\t<p class=\"elementor-icon-box-description\">\n\t\t\t\t\t\til nostro pianeta \u00e8 un sistema che pu\u00f2 essere cambiato in meglio e pi\u00f9 velocemente attraverso sinergie a catena\t\t\t\t\t<\/p>\n\t\t\t\t\n\t\t\t<\/div>\n\t\t\t\n\t\t<\/div>\n\t\t\t\t\t\t<\/div>\n\t\t\t\t<\/div>\n\t\t\t\t\t<\/div>\n\t\t<\/div>\n\t\t\t\t\t<\/div>\n\t\t<\/section>\n\t\t\t\t<\/div>","protected":false},"excerpt":{"rendered":"<p>\"Il compito che siamo chiamati a svolgere \u00e8 quello di contribuire a rendere questo mondo un posto migliore, per noi e per le generazioni future\"<span class=\"excerpt-hellip\"> [\u2026]<\/span><\/p>","protected":false},"author":1,"featured_media":0,"parent":14,"menu_order":0,"comment_status":"closed","ping_status":"closed","template":"","meta":{"_eb_attr":"","inline_featured_image":false,"footnotes":""},"class_list":["post-938","page","type-page","status-publish","hentry"],"yoast_head":"<!-- This site is optimized with the Yoast SEO Premium plugin v24.9 (Yoast SEO v24.9) - https:\/\/yoast.com\/wordpress\/plugins\/seo\/ -->\n<title>Q\u00ebndrueshm\u00ebria - IGS Resources<\/title>\n<meta name=\"robots\" content=\"index, follow, max-snippet:-1, max-image-preview:large, max-video-preview:-1\" \/>\n<link rel=\"canonical\" href=\"https:\/\/iplast.al\/it\/kompania\/qendrueshmeria\/\" \/>\n<meta property=\"og:locale\" content=\"it_IT\" \/>\n<meta property=\"og:type\" content=\"article\" \/>\n<meta property=\"og:title\" content=\"Q\u00ebndrueshm\u00ebria\" \/>\n<meta property=\"og:description\" content=\"\u201cDetyra q\u00eb jemi thirrur t\u00eb p\u00ebrmbushim \u00ebsht\u00eb t\u00eb kontribuojm\u00eb p\u00ebr ta b\u00ebr\u00eb k\u00ebt\u00eb bot\u00eb nj\u00eb vend m\u00eb t\u00eb mir\u00eb, p\u00ebr ne dhe p\u00ebr brezat e ardhsh\u00ebm\u201d [\u2026]\" \/>\n<meta property=\"og:url\" content=\"https:\/\/iplast.al\/it\/kompania\/qendrueshmeria\/\" \/>\n<meta property=\"og:site_name\" content=\"IGS Resources\" \/>\n<meta property=\"article:publisher\" content=\"https:\/\/www.facebook.com\/iplastal\" \/>\n<meta property=\"article:modified_time\" content=\"2024-06-25T19:07:53+00:00\" \/>\n<meta property=\"og:image\" content=\"https:\/\/iplast.al\/wp-content\/uploads\/2022\/06\/Facebook-Thumbnail.jpg\" \/>\n\t<meta property=\"og:image:width\" content=\"1080\" \/>\n\t<meta property=\"og:image:height\" content=\"1080\" \/>\n\t<meta property=\"og:image:type\" content=\"image\/jpeg\" \/>\n<meta name=\"twitter:card\" content=\"summary_large_image\" \/>\n<meta name=\"twitter:label1\" content=\"Tempo di lettura stimato\" \/>\n\t<meta name=\"twitter:data1\" content=\"1 minuto\" \/>\n<script type=\"application\/ld+json\" class=\"yoast-schema-graph\">{\"@context\":\"https:\/\/schema.org\",\"@graph\":[{\"@type\":\"WebPage\",\"@id\":\"https:\/\/iplast.al\/kompania\/qendrueshmeria\/\",\"url\":\"https:\/\/iplast.al\/kompania\/qendrueshmeria\/\",\"name\":\"Q\u00ebndrueshm\u00ebria - IGS Resources\",\"isPartOf\":{\"@id\":\"https:\/\/iplast.al\/#website\"},\"datePublished\":\"2022-03-14T10:56:31+00:00\",\"dateModified\":\"2024-06-25T19:07:53+00:00\",\"breadcrumb\":{\"@id\":\"https:\/\/iplast.al\/kompania\/qendrueshmeria\/#breadcrumb\"},\"inLanguage\":\"it-IT\",\"potentialAction\":[{\"@type\":\"ReadAction\",\"target\":[\"https:\/\/iplast.al\/kompania\/qendrueshmeria\/\"]}]},{\"@type\":\"BreadcrumbList\",\"@id\":\"https:\/\/iplast.al\/kompania\/qendrueshmeria\/#breadcrumb\",\"itemListElement\":[{\"@type\":\"ListItem\",\"position\":1,\"name\":\"Home\",\"item\":\"https:\/\/iplast.al\/\"},{\"@type\":\"ListItem\",\"position\":2,\"name\":\"Kompania\",\"item\":\"https:\/\/iplast.al\/kompania\/\"},{\"@type\":\"ListItem\",\"position\":3,\"name\":\"Q\u00ebndrueshm\u00ebria\"}]},{\"@type\":\"WebSite\",\"@id\":\"https:\/\/iplast.al\/#website\",\"url\":\"https:\/\/iplast.al\/\",\"name\":\"IGS Resources Shpk\",\"description\":\"Cil\u00ebsia q\u00eb duhet\",\"publisher\":{\"@id\":\"https:\/\/iplast.al\/#organization\"},\"alternateName\":\"iPlast Albania\",\"potentialAction\":[{\"@type\":\"SearchAction\",\"target\":{\"@type\":\"EntryPoint\",\"urlTemplate\":\"https:\/\/iplast.al\/?s={search_term_string}\"},\"query-input\":{\"@type\":\"PropertyValueSpecification\",\"valueRequired\":true,\"valueName\":\"search_term_string\"}}],\"inLanguage\":\"it-IT\"},{\"@type\":[\"Organization\",\"Place\",\"Corporation\"],\"@id\":\"https:\/\/iplast.al\/#organization\",\"name\":\"IGS Resources Shpk\",\"alternateName\":\"iPlast Albania\",\"url\":\"https:\/\/iplast.al\/\",\"logo\":{\"@id\":\"https:\/\/iplast.al\/kompania\/qendrueshmeria\/#local-main-organization-logo\"},\"image\":{\"@id\":\"https:\/\/iplast.al\/kompania\/qendrueshmeria\/#local-main-organization-logo\"},\"sameAs\":[\"https:\/\/www.facebook.com\/iplastal\",\"https:\/\/www.instagram.com\/iplast.al\/\",\"https:\/\/www.youtube.com\/@iplastalbania4982\"],\"description\":\"IGS Resources Shpk introduces its brand \\\"iPlast,\\\" a certified company in the production of HDPE Plastic Pipes and Corrugated Pipes in the city of Elbasan. The company manufactures Water Pipes ranging from \u00d820 to \u00d8315 with pressures up to 32 bars and Corrugated Pipes for Sewage ranging from \u00d890 to \u00d81000, SN4 and SN8. IGS (iPlast) aims to become a leader in the plastic production sector, participating in significant projects and prioritizing the growth of trust in Albanian products and its contribution to the country's economy. Continuing its investments, IGS (iPlast) aims to promote its products and service quality, ensuring faster and dynamic services while creating employment opportunities across various regions of the country.\",\"legalName\":\"IGS Resources\",\"foundingDate\":\"2020-01-01\",\"numberOfEmployees\":{\"@type\":\"QuantitativeValue\",\"minValue\":\"51\",\"maxValue\":\"200\"},\"address\":{\"@id\":\"https:\/\/iplast.al\/kompania\/qendrueshmeria\/#local-main-place-address\"},\"telephone\":[\"+355 68 602 0276\"],\"openingHoursSpecification\":[{\"@type\":\"OpeningHoursSpecification\",\"dayOfWeek\":[\"Monday\",\"Tuesday\",\"Wednesday\",\"Thursday\",\"Friday\",\"Saturday\"],\"opens\":\"07:00\",\"closes\":\"17:00\"},{\"@type\":\"OpeningHoursSpecification\",\"dayOfWeek\":[\"Sunday\"],\"opens\":\"00:00\",\"closes\":\"00:00\"}],\"email\":\"info@iplast.al\",\"areaServed\":\"Albania, Kosovo, Macedonia, Greece, Montenegro, Italy, Bulgaria, Bosnia\",\"vatID\":\"M22610202A\",\"taxID\":\"M22610202A\"},{\"@type\":\"PostalAddress\",\"@id\":\"https:\/\/iplast.al\/kompania\/qendrueshmeria\/#local-main-place-address\",\"streetAddress\":\"Ish-Kombinati Metalurgjik, Bradashesh\",\"addressLocality\":\"Elbasan\",\"postalCode\":\"3001\",\"addressRegion\":\"Elbasan\",\"addressCountry\":\"AL\"},{\"@type\":\"ImageObject\",\"inLanguage\":\"it-IT\",\"@id\":\"https:\/\/iplast.al\/kompania\/qendrueshmeria\/#local-main-organization-logo\",\"url\":\"https:\/\/iplast.al\/wp-content\/uploads\/2022\/11\/Dark-Logo-SVG-01-01.svg\",\"contentUrl\":\"https:\/\/iplast.al\/wp-content\/uploads\/2022\/11\/Dark-Logo-SVG-01-01.svg\",\"width\":1080,\"height\":1080,\"caption\":\"IGS Resources Shpk\"}]}<\/script>\n<meta name=\"geo.placename\" content=\"Elbasan\" \/>\n<meta name=\"geo.region\" content=\"Albania\" \/>\n<!-- \/ Yoast SEO Premium plugin. -->","yoast_head_json":{"title":"Q\u00ebndrueshm\u00ebria - IGS Resources","robots":{"index":"index","follow":"follow","max-snippet":"max-snippet:-1","max-image-preview":"max-image-preview:large","max-video-preview":"max-video-preview:-1"},"canonical":"https:\/\/iplast.al\/it\/kompania\/qendrueshmeria\/","og_locale":"it_IT","og_type":"article","og_title":"Q\u00ebndrueshm\u00ebria","og_description":"\u201cDetyra q\u00eb jemi thirrur t\u00eb p\u00ebrmbushim \u00ebsht\u00eb t\u00eb kontribuojm\u00eb p\u00ebr ta b\u00ebr\u00eb k\u00ebt\u00eb bot\u00eb nj\u00eb vend m\u00eb t\u00eb mir\u00eb, p\u00ebr ne dhe p\u00ebr brezat e ardhsh\u00ebm\u201d [\u2026]","og_url":"https:\/\/iplast.al\/it\/kompania\/qendrueshmeria\/","og_site_name":"IGS Resources","article_publisher":"https:\/\/www.facebook.com\/iplastal","article_modified_time":"2024-06-25T19:07:53+00:00","og_image":[{"width":1080,"height":1080,"url":"https:\/\/iplast.al\/wp-content\/uploads\/2022\/06\/Facebook-Thumbnail.jpg","type":"image\/jpeg"}],"twitter_card":"summary_large_image","twitter_misc":{"Tempo di lettura stimato":"1 minuto"},"schema":{"@context":"https:\/\/schema.org","@graph":[{"@type":"WebPage","@id":"https:\/\/iplast.al\/kompania\/qendrueshmeria\/","url":"https:\/\/iplast.al\/kompania\/qendrueshmeria\/","name":"Q\u00ebndrueshm\u00ebria - IGS Resources","isPartOf":{"@id":"https:\/\/iplast.al\/#website"},"datePublished":"2022-03-14T10:56:31+00:00","dateModified":"2024-06-25T19:07:53+00:00","breadcrumb":{"@id":"https:\/\/iplast.al\/kompania\/qendrueshmeria\/#breadcrumb"},"inLanguage":"it-IT","potentialAction":[{"@type":"ReadAction","target":["https:\/\/iplast.al\/kompania\/qendrueshmeria\/"]}]},{"@type":"BreadcrumbList","@id":"https:\/\/iplast.al\/kompania\/qendrueshmeria\/#breadcrumb","itemListElement":[{"@type":"ListItem","position":1,"name":"Home","item":"https:\/\/iplast.al\/"},{"@type":"ListItem","position":2,"name":"Kompania","item":"https:\/\/iplast.al\/kompania\/"},{"@type":"ListItem","position":3,"name":"Q\u00ebndrueshm\u00ebria"}]},{"@type":"WebSite","@id":"https:\/\/iplast.al\/#website","url":"https:\/\/iplast.al\/","name":"IGS Resources Shpk","description":"Cil\u00ebsia q\u00eb duhet","publisher":{"@id":"https:\/\/iplast.al\/#organization"},"alternateName":"iPlast Albania","potentialAction":[{"@type":"SearchAction","target":{"@type":"EntryPoint","urlTemplate":"https:\/\/iplast.al\/?s={search_term_string}"},"query-input":{"@type":"PropertyValueSpecification","valueRequired":true,"valueName":"search_term_string"}}],"inLanguage":"it-IT"},{"@type":["Organization","Place","Corporation"],"@id":"https:\/\/iplast.al\/#organization","name":"IGS Resources Shpk","alternateName":"iPlast Albania","url":"https:\/\/iplast.al\/","logo":{"@id":"https:\/\/iplast.al\/kompania\/qendrueshmeria\/#local-main-organization-logo"},"image":{"@id":"https:\/\/iplast.al\/kompania\/qendrueshmeria\/#local-main-organization-logo"},"sameAs":["https:\/\/www.facebook.com\/iplastal","https:\/\/www.instagram.com\/iplast.al\/","https:\/\/www.youtube.com\/@iplastalbania4982"],"description":"IGS Resources Shpk introduces its brand \"iPlast,\" a certified company in the production of HDPE Plastic Pipes and Corrugated Pipes in the city of Elbasan. The company manufactures Water Pipes ranging from \u00d820 to \u00d8315 with pressures up to 32 bars and Corrugated Pipes for Sewage ranging from \u00d890 to \u00d81000, SN4 and SN8. IGS (iPlast) aims to become a leader in the plastic production sector, participating in significant projects and prioritizing the growth of trust in Albanian products and its contribution to the country's economy. Continuing its investments, IGS (iPlast) aims to promote its products and service quality, ensuring faster and dynamic services while creating employment opportunities across various regions of the country.","legalName":"IGS Resources","foundingDate":"2020-01-01","numberOfEmployees":{"@type":"QuantitativeValue","minValue":"51","maxValue":"200"},"address":{"@id":"https:\/\/iplast.al\/kompania\/qendrueshmeria\/#local-main-place-address"},"telephone":["+355 68 602 0276"],"openingHoursSpecification":[{"@type":"OpeningHoursSpecification","dayOfWeek":["Monday","Tuesday","Wednesday","Thursday","Friday","Saturday"],"opens":"07:00","closes":"17:00"},{"@type":"OpeningHoursSpecification","dayOfWeek":["Sunday"],"opens":"00:00","closes":"00:00"}],"email":"info@iplast.al","areaServed":"Albania, Kosovo, Macedonia, Greece, Montenegro, Italy, Bulgaria, Bosnia","vatID":"M22610202A","taxID":"M22610202A"},{"@type":"PostalAddress","@id":"https:\/\/iplast.al\/kompania\/qendrueshmeria\/#local-main-place-address","streetAddress":"Ish-Kombinati Metalurgjik, Bradashesh","addressLocality":"Elbasan","postalCode":"3001","addressRegion":"Elbasan","addressCountry":"AL"},{"@type":"ImageObject","inLanguage":"it-IT","@id":"https:\/\/iplast.al\/kompania\/qendrueshmeria\/#local-main-organization-logo","url":"https:\/\/iplast.al\/wp-content\/uploads\/2022\/11\/Dark-Logo-SVG-01-01.svg","contentUrl":"https:\/\/iplast.al\/wp-content\/uploads\/2022\/11\/Dark-Logo-SVG-01-01.svg","width":1080,"height":1080,"caption":"IGS Resources Shpk"}]},"geo.placename":"Elbasan","geo.region":"Albania"},"_links":{"self":[{"href":"https:\/\/iplast.al\/it\/wp-json\/wp\/v2\/pages\/938","targetHints":{"allow":["GET"]}}],"collection":[{"href":"https:\/\/iplast.al\/it\/wp-json\/wp\/v2\/pages"}],"about":[{"href":"https:\/\/iplast.al\/it\/wp-json\/wp\/v2\/types\/page"}],"author":[{"embeddable":true,"href":"https:\/\/iplast.al\/it\/wp-json\/wp\/v2\/users\/1"}],"replies":[{"embeddable":true,"href":"https:\/\/iplast.al\/it\/wp-json\/wp\/v2\/comments?post=938"}],"version-history":[{"count":18,"href":"https:\/\/iplast.al\/it\/wp-json\/wp\/v2\/pages\/938\/revisions"}],"predecessor-version":[{"id":8072,"href":"https:\/\/iplast.al\/it\/wp-json\/wp\/v2\/pages\/938\/revisions\/8072"}],"up":[{"embeddable":true,"href":"https:\/\/iplast.al\/it\/wp-json\/wp\/v2\/pages\/14"}],"wp:attachment":[{"href":"https:\/\/iplast.al\/it\/wp-json\/wp\/v2\/media?parent=938"}],"curies":[{"name":"wp","href":"https:\/\/api.w.org\/{rel}","templated":true}]}}